{"id":613,"date":"2026-03-30T18:16:18","date_gmt":"2026-03-30T18:16:18","guid":{"rendered":"https:\/\/balnina.com\/?post_type=product&#038;p=613"},"modified":"2026-04-07T14:43:21","modified_gmt":"2026-04-07T14:43:21","slug":"alba-ivoire","status":"publish","type":"product","link":"https:\/\/balnina.com\/en\/product\/alba-ivoire\/","title":{"rendered":"ALBA \u2013 Swimsuit \u2013 LIMITED EDITION"},"content":{"rendered":"<p>Alba is the epitome of absolute elegance.\nThis one-piece swimsuit captures the house\u2019s couture spirit : clean lines, a flattering cut, and an integrated belt that defines the waist and enlongates the silhouette. The mother-of-pearl buckle adds a refined, discreet yet unforgettable touch of radiance. Versatile, it takes her effortlessly from the beach to an evening out, from spa day to a summer getaway.<\/p>\n<p>A jewel-inspired swimsuit with a magnetic allure, for those who embrace both gr\u00e2ce and character.<\/p>","protected":false},"excerpt":{"rendered":"<p>Alba is the epitome of absolute elegance.\nThis one-piece swimsuit captures the house\u2019s couture spirit : clean lines, a flattering cut, and an integrated belt that defines the waist and enlongates the silhouette. The mother-of-pearl buckle adds a refined, discreet yet unforgettable touch of radiance. Versatile, it takes her effortlessly from the beach to an evening out, from spa day to a summer getaway.<\/p>\n<p>A jewel-inspired swimsuit with a magnetic allure, for those who embrace both gr\u00e2ce and character.<\/p>","protected":false},"featured_media":1374,"comment_status":"open","ping_status":"closed","template":"","meta":{"_acf_changed":false},"product_brand":[],"product_cat":[40],"product_tag":[49],"class_list":{"0":"post-613","1":"product","2":"type-product","3":"status-publish","4":"has-post-thumbnail","6":"product_cat-silhouettes-une-piece","7":"product_tag-une-piece","8":"pa_color-ivoire","9":"pa_size-large","10":"pa_size-medium","11":"pa_size-small","13":"first","14":"instock","15":"shipping-taxable","16":"purchasable","17":"product-type-variable","18":"rtwpvg-product"},"acf":[],"yoast_head":"<!-- This site is optimized with the Yoast SEO plugin v27.4 - https:\/\/yoast.com\/product\/yoast-seo-wordpress\/ -->\n<title>ALBA - Maillot de bain - LIMITED EDITION - Balnina<\/title>\n<meta name=\"robots\" content=\"index, follow, max-snippet:-1, max-image-preview:large, max-video-preview:-1\" \/>\n<link rel=\"canonical\" href=\"https:\/\/balnina.com\/en\/product\/alba-ivoire\/\" \/>\n<meta property=\"og:locale\" content=\"en_US\" \/>\n<meta property=\"og:type\" content=\"article\" \/>\n<meta property=\"og:title\" content=\"ALBA - Maillot de bain - LIMITED EDITION - Balnina\" \/>\n<meta property=\"og:description\" content=\"Alba est l\u2019empreinte d\u2019une \u00e9l\u00e9gance absolue. Ce une-pi\u00e8ce incarne l\u2019esprit couture de la maison : lignes nettes, coupe gainante, ceinture int\u00e9gr\u00e9e qui dessine la taille et allonge la jambe. La boucle en nacre ponctue le mod\u00e8le d\u2019un \u00e9clat pr\u00e9cieux, discret mais inoubliable. Versatile, il accompagne la femme avec fluidit\u00e9, de la plage \u00e0 une soir\u00e9e, d\u2019un spa \u00e0 une escapade estivale.  Un maillot bijou, au style magn\u00e9tique, pour celles qui aiment conjuguer gr\u00e2ce et caract\u00e8re.\" \/>\n<meta property=\"og:url\" content=\"https:\/\/balnina.com\/en\/product\/alba-ivoire\/\" \/>\n<meta property=\"og:site_name\" content=\"Balnina\" \/>\n<meta property=\"article:modified_time\" content=\"2026-04-07T14:43:21+00:00\" \/>\n<meta property=\"og:image\" content=\"https:\/\/balnina.com\/wp-content\/uploads\/2026\/03\/alba-ivoire-1-preface.webp\" \/>\n\t<meta property=\"og:image:width\" content=\"720\" \/>\n\t<meta property=\"og:image:height\" content=\"1080\" \/>\n\t<meta property=\"og:image:type\" content=\"image\/webp\" \/>\n<meta name=\"twitter:card\" content=\"summary_large_image\" \/>\n<meta name=\"twitter:label1\" content=\"Est. reading time\" \/>\n\t<meta name=\"twitter:data1\" content=\"1 minute\" \/>\n<script type=\"application\/ld+json\" class=\"yoast-schema-graph\">{\"@context\":\"https:\\\/\\\/schema.org\",\"@graph\":[{\"@type\":\"WebPage\",\"@id\":\"https:\\\/\\\/balnina.com\\\/product\\\/alba-ivoire\\\/\",\"url\":\"https:\\\/\\\/balnina.com\\\/product\\\/alba-ivoire\\\/\",\"name\":\"ALBA - Maillot de bain - LIMITED EDITION - Balnina\",\"isPartOf\":{\"@id\":\"https:\\\/\\\/balnina.com\\\/#website\"},\"primaryImageOfPage\":{\"@id\":\"https:\\\/\\\/balnina.com\\\/product\\\/alba-ivoire\\\/#primaryimage\"},\"image\":{\"@id\":\"https:\\\/\\\/balnina.com\\\/product\\\/alba-ivoire\\\/#primaryimage\"},\"thumbnailUrl\":\"https:\\\/\\\/balnina.com\\\/wp-content\\\/uploads\\\/2026\\\/03\\\/alba-ivoire-1-preface.webp\",\"datePublished\":\"2026-03-30T18:16:18+00:00\",\"dateModified\":\"2026-04-07T14:43:21+00:00\",\"breadcrumb\":{\"@id\":\"https:\\\/\\\/balnina.com\\\/product\\\/alba-ivoire\\\/#breadcrumb\"},\"inLanguage\":\"en-US\",\"potentialAction\":[{\"@type\":\"ReadAction\",\"target\":[\"https:\\\/\\\/balnina.com\\\/product\\\/alba-ivoire\\\/\"]}]},{\"@type\":\"ImageObject\",\"inLanguage\":\"en-US\",\"@id\":\"https:\\\/\\\/balnina.com\\\/product\\\/alba-ivoire\\\/#primaryimage\",\"url\":\"https:\\\/\\\/balnina.com\\\/wp-content\\\/uploads\\\/2026\\\/03\\\/alba-ivoire-1-preface.webp\",\"contentUrl\":\"https:\\\/\\\/balnina.com\\\/wp-content\\\/uploads\\\/2026\\\/03\\\/alba-ivoire-1-preface.webp\",\"width\":720,\"height\":1080},{\"@type\":\"BreadcrumbList\",\"@id\":\"https:\\\/\\\/balnina.com\\\/product\\\/alba-ivoire\\\/#breadcrumb\",\"itemListElement\":[{\"@type\":\"ListItem\",\"position\":1,\"name\":\"Accueil\",\"item\":\"https:\\\/\\\/balnina.com\\\/\"},{\"@type\":\"ListItem\",\"position\":2,\"name\":\"Boutique\",\"item\":\"https:\\\/\\\/balnina.com\\\/shop\\\/\"},{\"@type\":\"ListItem\",\"position\":3,\"name\":\"ALBA &#8211; Maillot de bain &#8211; LIMITED EDITION\"}]},{\"@type\":\"WebSite\",\"@id\":\"https:\\\/\\\/balnina.com\\\/#website\",\"url\":\"https:\\\/\\\/balnina.com\\\/\",\"name\":\"Balnina\",\"description\":\"Swimwear - Were summer meets the sea\",\"publisher\":{\"@id\":\"https:\\\/\\\/balnina.com\\\/#organization\"},\"potentialAction\":[{\"@type\":\"SearchAction\",\"target\":{\"@type\":\"EntryPoint\",\"urlTemplate\":\"https:\\\/\\\/balnina.com\\\/?s={search_term_string}\"},\"query-input\":{\"@type\":\"PropertyValueSpecification\",\"valueRequired\":true,\"valueName\":\"search_term_string\"}}],\"inLanguage\":\"en-US\"},{\"@type\":\"Organization\",\"@id\":\"https:\\\/\\\/balnina.com\\\/#organization\",\"name\":\"Balnina\",\"url\":\"https:\\\/\\\/balnina.com\\\/\",\"logo\":{\"@type\":\"ImageObject\",\"inLanguage\":\"en-US\",\"@id\":\"https:\\\/\\\/balnina.com\\\/#\\\/schema\\\/logo\\\/image\\\/\",\"url\":\"https:\\\/\\\/balnina.com\\\/wp-content\\\/uploads\\\/2025\\\/05\\\/Balnina-logo-1.png\",\"contentUrl\":\"https:\\\/\\\/balnina.com\\\/wp-content\\\/uploads\\\/2025\\\/05\\\/Balnina-logo-1.png\",\"width\":650,\"height\":125,\"caption\":\"Balnina\"},\"image\":{\"@id\":\"https:\\\/\\\/balnina.com\\\/#\\\/schema\\\/logo\\\/image\\\/\"}}]}<\/script>\n<!-- \/ Yoast SEO plugin. -->","yoast_head_json":{"title":"ALBA - Maillot de bain - LIMITED EDITION - Balnina","robots":{"index":"index","follow":"follow","max-snippet":"max-snippet:-1","max-image-preview":"max-image-preview:large","max-video-preview":"max-video-preview:-1"},"canonical":"https:\/\/balnina.com\/en\/product\/alba-ivoire\/","og_locale":"en_US","og_type":"article","og_title":"ALBA - Maillot de bain - LIMITED EDITION - Balnina","og_description":"Alba est l\u2019empreinte d\u2019une \u00e9l\u00e9gance absolue. Ce une-pi\u00e8ce incarne l\u2019esprit couture de la maison : lignes nettes, coupe gainante, ceinture int\u00e9gr\u00e9e qui dessine la taille et allonge la jambe. La boucle en nacre ponctue le mod\u00e8le d\u2019un \u00e9clat pr\u00e9cieux, discret mais inoubliable. Versatile, il accompagne la femme avec fluidit\u00e9, de la plage \u00e0 une soir\u00e9e, d\u2019un spa \u00e0 une escapade estivale.  Un maillot bijou, au style magn\u00e9tique, pour celles qui aiment conjuguer gr\u00e2ce et caract\u00e8re.","og_url":"https:\/\/balnina.com\/en\/product\/alba-ivoire\/","og_site_name":"Balnina","article_modified_time":"2026-04-07T14:43:21+00:00","og_image":[{"width":720,"height":1080,"url":"https:\/\/balnina.com\/wp-content\/uploads\/2026\/03\/alba-ivoire-1-preface.webp","type":"image\/webp"}],"twitter_card":"summary_large_image","twitter_misc":{"Est. reading time":"1 minute"},"schema":{"@context":"https:\/\/schema.org","@graph":[{"@type":"WebPage","@id":"https:\/\/balnina.com\/product\/alba-ivoire\/","url":"https:\/\/balnina.com\/product\/alba-ivoire\/","name":"ALBA - Maillot de bain - LIMITED EDITION - Balnina","isPartOf":{"@id":"https:\/\/balnina.com\/#website"},"primaryImageOfPage":{"@id":"https:\/\/balnina.com\/product\/alba-ivoire\/#primaryimage"},"image":{"@id":"https:\/\/balnina.com\/product\/alba-ivoire\/#primaryimage"},"thumbnailUrl":"https:\/\/balnina.com\/wp-content\/uploads\/2026\/03\/alba-ivoire-1-preface.webp","datePublished":"2026-03-30T18:16:18+00:00","dateModified":"2026-04-07T14:43:21+00:00","breadcrumb":{"@id":"https:\/\/balnina.com\/product\/alba-ivoire\/#breadcrumb"},"inLanguage":"en-US","potentialAction":[{"@type":"ReadAction","target":["https:\/\/balnina.com\/product\/alba-ivoire\/"]}]},{"@type":"ImageObject","inLanguage":"en-US","@id":"https:\/\/balnina.com\/product\/alba-ivoire\/#primaryimage","url":"https:\/\/balnina.com\/wp-content\/uploads\/2026\/03\/alba-ivoire-1-preface.webp","contentUrl":"https:\/\/balnina.com\/wp-content\/uploads\/2026\/03\/alba-ivoire-1-preface.webp","width":720,"height":1080},{"@type":"BreadcrumbList","@id":"https:\/\/balnina.com\/product\/alba-ivoire\/#breadcrumb","itemListElement":[{"@type":"ListItem","position":1,"name":"Accueil","item":"https:\/\/balnina.com\/"},{"@type":"ListItem","position":2,"name":"Boutique","item":"https:\/\/balnina.com\/shop\/"},{"@type":"ListItem","position":3,"name":"ALBA &#8211; Maillot de bain &#8211; LIMITED EDITION"}]},{"@type":"WebSite","@id":"https:\/\/balnina.com\/#website","url":"https:\/\/balnina.com\/","name":"Balnina","description":"Swimwear - Were summer meets the sea","publisher":{"@id":"https:\/\/balnina.com\/#organization"},"potentialAction":[{"@type":"SearchAction","target":{"@type":"EntryPoint","urlTemplate":"https:\/\/balnina.com\/?s={search_term_string}"},"query-input":{"@type":"PropertyValueSpecification","valueRequired":true,"valueName":"search_term_string"}}],"inLanguage":"en-US"},{"@type":"Organization","@id":"https:\/\/balnina.com\/#organization","name":"Balnina","url":"https:\/\/balnina.com\/","logo":{"@type":"ImageObject","inLanguage":"en-US","@id":"https:\/\/balnina.com\/#\/schema\/logo\/image\/","url":"https:\/\/balnina.com\/wp-content\/uploads\/2025\/05\/Balnina-logo-1.png","contentUrl":"https:\/\/balnina.com\/wp-content\/uploads\/2025\/05\/Balnina-logo-1.png","width":650,"height":125,"caption":"Balnina"},"image":{"@id":"https:\/\/balnina.com\/#\/schema\/logo\/image\/"}}]}},"jetpack_sharing_enabled":true,"_links":{"self":[{"href":"https:\/\/balnina.com\/en\/wp-json\/wp\/v2\/product\/613","targetHints":{"allow":["GET"]}}],"collection":[{"href":"https:\/\/balnina.com\/en\/wp-json\/wp\/v2\/product"}],"about":[{"href":"https:\/\/balnina.com\/en\/wp-json\/wp\/v2\/types\/product"}],"replies":[{"embeddable":true,"href":"https:\/\/balnina.com\/en\/wp-json\/wp\/v2\/comments?post=613"}],"wp:featuredmedia":[{"embeddable":true,"href":"https:\/\/balnina.com\/en\/wp-json\/wp\/v2\/media\/1374"}],"wp:attachment":[{"href":"https:\/\/balnina.com\/en\/wp-json\/wp\/v2\/media?parent=613"}],"wp:term":[{"taxonomy":"product_brand","embeddable":true,"href":"https:\/\/balnina.com\/en\/wp-json\/wp\/v2\/product_brand?post=613"},{"taxonomy":"product_cat","embeddable":true,"href":"https:\/\/balnina.com\/en\/wp-json\/wp\/v2\/product_cat?post=613"},{"taxonomy":"product_tag","embeddable":true,"href":"https:\/\/balnina.com\/en\/wp-json\/wp\/v2\/product_tag?post=613"}],"curies":[{"name":"wp","href":"https:\/\/api.w.org\/{rel}","templated":true}]}}