{"id":1416,"date":"2026-04-01T18:49:03","date_gmt":"2026-04-01T18:49:03","guid":{"rendered":"https:\/\/balnina.com\/?post_type=product&#038;p=1416"},"modified":"2026-04-07T14:41:40","modified_gmt":"2026-04-07T14:41:40","slug":"celeste-haut-de-bain-onix","status":"publish","type":"product","link":"https:\/\/balnina.com\/en\/product\/celeste-haut-de-bain-onix\/","title":{"rendered":"C\u00c9LESTE \u2013 Swim Top"},"content":{"rendered":"<p>The C\u00e9leste top gently enhances the bust with refined pleating, offering subtle, natural support for every silhouette. Free from padding, it prioritizes authentic comfort, while the braided details, true ornaments oft he silhouette, lend the piece a quiet strength and presence.<\/p>\n<p>A top designed to celebrate feminity in its most noble expression: soft strength and effortless allure.<\/p>","protected":false},"excerpt":{"rendered":"<p>The C\u00e9leste top gently enhances the bust with refined pleating, offering subtle, natural support for every silhouette. Free from padding, it prioritizes authentic comfort, while the braided details, true ornaments oft he silhouette, lend the piece a quiet strength and presence.<\/p>\n<p>A top designed to celebrate feminity in its most noble expression: soft strength and effortless allure.<\/p>","protected":false},"featured_media":1499,"comment_status":"open","ping_status":"closed","template":"","meta":{"_acf_changed":false},"product_brand":[],"product_cat":[41],"product_tag":[51],"class_list":{"0":"post-1416","1":"product","2":"type-product","3":"status-publish","4":"has-post-thumbnail","6":"product_cat-hauts-de-bain","7":"product_tag-hauts-de-bain","8":"pa_color-onix","9":"pa_size-large","10":"pa_size-medium","11":"pa_size-small","13":"first","14":"instock","15":"shipping-taxable","16":"purchasable","17":"product-type-variable","18":"rtwpvg-product"},"acf":[],"yoast_head":"<!-- This site is optimized with the Yoast SEO plugin v27.4 - https:\/\/yoast.com\/product\/yoast-seo-wordpress\/ -->\n<title>C\u00c9LESTE - Haut de bain - Balnina<\/title>\n<meta name=\"robots\" content=\"index, follow, max-snippet:-1, max-image-preview:large, max-video-preview:-1\" \/>\n<link rel=\"canonical\" href=\"https:\/\/balnina.com\/en\/product\/celeste-haut-de-bain-onix\/\" \/>\n<meta property=\"og:locale\" content=\"en_US\" \/>\n<meta property=\"og:type\" content=\"article\" \/>\n<meta property=\"og:title\" content=\"C\u00c9LESTE - Haut de bain - Balnina\" \/>\n<meta property=\"og:description\" content=\"Le haut C\u00e9leste enveloppe la poitrine dans un pliss\u00e9 ma\u00eetris\u00e9, offrant \u00e0 chaque morphologie un maintien subtil. L\u2019absence de coques laisse place \u00e0 un confort authentique, tandis que les tresses, v\u00e9ritables ornements de la silhouette, conf\u00e8rent \u00e0 l\u2019ensemble une puissance tranquille.  Un haut pens\u00e9 pour exalter la f\u00e9minit\u00e9 dans ce qu\u2019elle a de plus noble : sa force douce, et son allure souveraine.\" \/>\n<meta property=\"og:url\" content=\"https:\/\/balnina.com\/en\/product\/celeste-haut-de-bain-onix\/\" \/>\n<meta property=\"og:site_name\" content=\"Balnina\" \/>\n<meta property=\"article:modified_time\" content=\"2026-04-07T14:41:40+00:00\" \/>\n<meta property=\"og:image\" content=\"https:\/\/balnina.com\/wp-content\/uploads\/2026\/04\/celeste-haut-onix-3.webp\" \/>\n\t<meta property=\"og:image:width\" content=\"720\" \/>\n\t<meta property=\"og:image:height\" content=\"1080\" \/>\n\t<meta property=\"og:image:type\" content=\"image\/webp\" \/>\n<meta name=\"twitter:card\" content=\"summary_large_image\" \/>\n<meta name=\"twitter:label1\" content=\"Est. reading time\" \/>\n\t<meta name=\"twitter:data1\" content=\"1 minute\" \/>\n<script type=\"application\/ld+json\" class=\"yoast-schema-graph\">{\"@context\":\"https:\\\/\\\/schema.org\",\"@graph\":[{\"@type\":\"WebPage\",\"@id\":\"https:\\\/\\\/balnina.com\\\/product\\\/celeste-haut-de-bain-onix\\\/\",\"url\":\"https:\\\/\\\/balnina.com\\\/product\\\/celeste-haut-de-bain-onix\\\/\",\"name\":\"C\u00c9LESTE - Haut de bain - Balnina\",\"isPartOf\":{\"@id\":\"https:\\\/\\\/balnina.com\\\/#website\"},\"primaryImageOfPage\":{\"@id\":\"https:\\\/\\\/balnina.com\\\/product\\\/celeste-haut-de-bain-onix\\\/#primaryimage\"},\"image\":{\"@id\":\"https:\\\/\\\/balnina.com\\\/product\\\/celeste-haut-de-bain-onix\\\/#primaryimage\"},\"thumbnailUrl\":\"https:\\\/\\\/balnina.com\\\/wp-content\\\/uploads\\\/2026\\\/04\\\/celeste-haut-onix-3.webp\",\"datePublished\":\"2026-04-01T18:49:03+00:00\",\"dateModified\":\"2026-04-07T14:41:40+00:00\",\"breadcrumb\":{\"@id\":\"https:\\\/\\\/balnina.com\\\/product\\\/celeste-haut-de-bain-onix\\\/#breadcrumb\"},\"inLanguage\":\"en-US\",\"potentialAction\":[{\"@type\":\"ReadAction\",\"target\":[\"https:\\\/\\\/balnina.com\\\/product\\\/celeste-haut-de-bain-onix\\\/\"]}]},{\"@type\":\"ImageObject\",\"inLanguage\":\"en-US\",\"@id\":\"https:\\\/\\\/balnina.com\\\/product\\\/celeste-haut-de-bain-onix\\\/#primaryimage\",\"url\":\"https:\\\/\\\/balnina.com\\\/wp-content\\\/uploads\\\/2026\\\/04\\\/celeste-haut-onix-3.webp\",\"contentUrl\":\"https:\\\/\\\/balnina.com\\\/wp-content\\\/uploads\\\/2026\\\/04\\\/celeste-haut-onix-3.webp\",\"width\":720,\"height\":1080},{\"@type\":\"BreadcrumbList\",\"@id\":\"https:\\\/\\\/balnina.com\\\/product\\\/celeste-haut-de-bain-onix\\\/#breadcrumb\",\"itemListElement\":[{\"@type\":\"ListItem\",\"position\":1,\"name\":\"Accueil\",\"item\":\"https:\\\/\\\/balnina.com\\\/\"},{\"@type\":\"ListItem\",\"position\":2,\"name\":\"Boutique\",\"item\":\"https:\\\/\\\/balnina.com\\\/shop\\\/\"},{\"@type\":\"ListItem\",\"position\":3,\"name\":\"C\u00c9LESTE &#8211; Haut de bain\"}]},{\"@type\":\"WebSite\",\"@id\":\"https:\\\/\\\/balnina.com\\\/#website\",\"url\":\"https:\\\/\\\/balnina.com\\\/\",\"name\":\"Balnina\",\"description\":\"Swimwear - Were summer meets the sea\",\"publisher\":{\"@id\":\"https:\\\/\\\/balnina.com\\\/#organization\"},\"potentialAction\":[{\"@type\":\"SearchAction\",\"target\":{\"@type\":\"EntryPoint\",\"urlTemplate\":\"https:\\\/\\\/balnina.com\\\/?s={search_term_string}\"},\"query-input\":{\"@type\":\"PropertyValueSpecification\",\"valueRequired\":true,\"valueName\":\"search_term_string\"}}],\"inLanguage\":\"en-US\"},{\"@type\":\"Organization\",\"@id\":\"https:\\\/\\\/balnina.com\\\/#organization\",\"name\":\"Balnina\",\"url\":\"https:\\\/\\\/balnina.com\\\/\",\"logo\":{\"@type\":\"ImageObject\",\"inLanguage\":\"en-US\",\"@id\":\"https:\\\/\\\/balnina.com\\\/#\\\/schema\\\/logo\\\/image\\\/\",\"url\":\"https:\\\/\\\/balnina.com\\\/wp-content\\\/uploads\\\/2025\\\/05\\\/Balnina-logo-1.png\",\"contentUrl\":\"https:\\\/\\\/balnina.com\\\/wp-content\\\/uploads\\\/2025\\\/05\\\/Balnina-logo-1.png\",\"width\":650,\"height\":125,\"caption\":\"Balnina\"},\"image\":{\"@id\":\"https:\\\/\\\/balnina.com\\\/#\\\/schema\\\/logo\\\/image\\\/\"}}]}<\/script>\n<!-- \/ Yoast SEO plugin. -->","yoast_head_json":{"title":"C\u00c9LESTE - Haut de bain - Balnina","robots":{"index":"index","follow":"follow","max-snippet":"max-snippet:-1","max-image-preview":"max-image-preview:large","max-video-preview":"max-video-preview:-1"},"canonical":"https:\/\/balnina.com\/en\/product\/celeste-haut-de-bain-onix\/","og_locale":"en_US","og_type":"article","og_title":"C\u00c9LESTE - Haut de bain - Balnina","og_description":"Le haut C\u00e9leste enveloppe la poitrine dans un pliss\u00e9 ma\u00eetris\u00e9, offrant \u00e0 chaque morphologie un maintien subtil. L\u2019absence de coques laisse place \u00e0 un confort authentique, tandis que les tresses, v\u00e9ritables ornements de la silhouette, conf\u00e8rent \u00e0 l\u2019ensemble une puissance tranquille.  Un haut pens\u00e9 pour exalter la f\u00e9minit\u00e9 dans ce qu\u2019elle a de plus noble : sa force douce, et son allure souveraine.","og_url":"https:\/\/balnina.com\/en\/product\/celeste-haut-de-bain-onix\/","og_site_name":"Balnina","article_modified_time":"2026-04-07T14:41:40+00:00","og_image":[{"width":720,"height":1080,"url":"https:\/\/balnina.com\/wp-content\/uploads\/2026\/04\/celeste-haut-onix-3.webp","type":"image\/webp"}],"twitter_card":"summary_large_image","twitter_misc":{"Est. reading time":"1 minute"},"schema":{"@context":"https:\/\/schema.org","@graph":[{"@type":"WebPage","@id":"https:\/\/balnina.com\/product\/celeste-haut-de-bain-onix\/","url":"https:\/\/balnina.com\/product\/celeste-haut-de-bain-onix\/","name":"C\u00c9LESTE - Haut de bain - Balnina","isPartOf":{"@id":"https:\/\/balnina.com\/#website"},"primaryImageOfPage":{"@id":"https:\/\/balnina.com\/product\/celeste-haut-de-bain-onix\/#primaryimage"},"image":{"@id":"https:\/\/balnina.com\/product\/celeste-haut-de-bain-onix\/#primaryimage"},"thumbnailUrl":"https:\/\/balnina.com\/wp-content\/uploads\/2026\/04\/celeste-haut-onix-3.webp","datePublished":"2026-04-01T18:49:03+00:00","dateModified":"2026-04-07T14:41:40+00:00","breadcrumb":{"@id":"https:\/\/balnina.com\/product\/celeste-haut-de-bain-onix\/#breadcrumb"},"inLanguage":"en-US","potentialAction":[{"@type":"ReadAction","target":["https:\/\/balnina.com\/product\/celeste-haut-de-bain-onix\/"]}]},{"@type":"ImageObject","inLanguage":"en-US","@id":"https:\/\/balnina.com\/product\/celeste-haut-de-bain-onix\/#primaryimage","url":"https:\/\/balnina.com\/wp-content\/uploads\/2026\/04\/celeste-haut-onix-3.webp","contentUrl":"https:\/\/balnina.com\/wp-content\/uploads\/2026\/04\/celeste-haut-onix-3.webp","width":720,"height":1080},{"@type":"BreadcrumbList","@id":"https:\/\/balnina.com\/product\/celeste-haut-de-bain-onix\/#breadcrumb","itemListElement":[{"@type":"ListItem","position":1,"name":"Accueil","item":"https:\/\/balnina.com\/"},{"@type":"ListItem","position":2,"name":"Boutique","item":"https:\/\/balnina.com\/shop\/"},{"@type":"ListItem","position":3,"name":"C\u00c9LESTE &#8211; Haut de bain"}]},{"@type":"WebSite","@id":"https:\/\/balnina.com\/#website","url":"https:\/\/balnina.com\/","name":"Balnina","description":"Swimwear - Were summer meets the sea","publisher":{"@id":"https:\/\/balnina.com\/#organization"},"potentialAction":[{"@type":"SearchAction","target":{"@type":"EntryPoint","urlTemplate":"https:\/\/balnina.com\/?s={search_term_string}"},"query-input":{"@type":"PropertyValueSpecification","valueRequired":true,"valueName":"search_term_string"}}],"inLanguage":"en-US"},{"@type":"Organization","@id":"https:\/\/balnina.com\/#organization","name":"Balnina","url":"https:\/\/balnina.com\/","logo":{"@type":"ImageObject","inLanguage":"en-US","@id":"https:\/\/balnina.com\/#\/schema\/logo\/image\/","url":"https:\/\/balnina.com\/wp-content\/uploads\/2025\/05\/Balnina-logo-1.png","contentUrl":"https:\/\/balnina.com\/wp-content\/uploads\/2025\/05\/Balnina-logo-1.png","width":650,"height":125,"caption":"Balnina"},"image":{"@id":"https:\/\/balnina.com\/#\/schema\/logo\/image\/"}}]}},"jetpack_sharing_enabled":true,"_links":{"self":[{"href":"https:\/\/balnina.com\/en\/wp-json\/wp\/v2\/product\/1416","targetHints":{"allow":["GET"]}}],"collection":[{"href":"https:\/\/balnina.com\/en\/wp-json\/wp\/v2\/product"}],"about":[{"href":"https:\/\/balnina.com\/en\/wp-json\/wp\/v2\/types\/product"}],"replies":[{"embeddable":true,"href":"https:\/\/balnina.com\/en\/wp-json\/wp\/v2\/comments?post=1416"}],"wp:featuredmedia":[{"embeddable":true,"href":"https:\/\/balnina.com\/en\/wp-json\/wp\/v2\/media\/1499"}],"wp:attachment":[{"href":"https:\/\/balnina.com\/en\/wp-json\/wp\/v2\/media?parent=1416"}],"wp:term":[{"taxonomy":"product_brand","embeddable":true,"href":"https:\/\/balnina.com\/en\/wp-json\/wp\/v2\/product_brand?post=1416"},{"taxonomy":"product_cat","embeddable":true,"href":"https:\/\/balnina.com\/en\/wp-json\/wp\/v2\/product_cat?post=1416"},{"taxonomy":"product_tag","embeddable":true,"href":"https:\/\/balnina.com\/en\/wp-json\/wp\/v2\/product_tag?post=1416"}],"curies":[{"name":"wp","href":"https:\/\/api.w.org\/{rel}","templated":true}]}}