{"id":1251,"date":"2026-04-01T17:29:12","date_gmt":"2026-04-01T17:29:12","guid":{"rendered":"https:\/\/balnina.com\/?post_type=product&#038;p=1251"},"modified":"2026-04-07T17:23:52","modified_gmt":"2026-04-07T17:23:52","slug":"gaia-onix","status":"publish","type":"product","link":"https:\/\/balnina.com\/en\/product\/gaia-onix\/","title":{"rendered":"GA\u00cfA \u2013 Swimsuit"},"content":{"rendered":"<p>Ga\u00efa, a backless one-piece, reveals the body with precision, striking a perfect balance between strength and sensuality. Its precise cut follows the curves, offering a gentle support without ever restricting movement. The open back and deep neckline draw the eye while allowing complete freedom, as the silhouette and naturally defines the waist. Designed like a second skin, Ga\u00efa moves with effortless fluidity and confidence.<\/p>\n<p>Essential and magnetic, it is an ode to raw strength and instinctive, grounded beauty.<\/p>","protected":false},"excerpt":{"rendered":"<p>Ga\u00efa est une ode \u00e0 la puissance originelle, \u00e0 la beaut\u00e9 ancr\u00e9e et instinctive. Ce une-pi\u00e8ce au dos nu r\u00e9v\u00e8le la peau avec justesse, dans un \u00e9quilibre parfait entre force et sensualit\u00e9. Il affirme une ligne pure, presque tellurique, o\u00f9 chaque couture suit le corps comme une \u00e9vidence.<br \/>\nSa coupe pr\u00e9cise \u00e9pouse les formes et les soutient avec une douceur ma\u00eetris\u00e9e, sans jamais contraindre. Le dos et le d\u00e9collet\u00e9, profond\u00e9ment d\u00e9gag\u00e9s, attirent le regard et lib\u00e8rent le mouvement, tandis que l\u2019\u00e9chancrure allonge la jambe et souligne la taille avec naturel. Pens\u00e9 comme une seconde peau, Ga\u00efa accompagne chaque geste avec fluidit\u00e9 et assurance.<br \/>\nUn maillot essentiel et magn\u00e9tique, pour celles \u00e0 la confiance calme et profond\u00e9ment ancr\u00e9e.<\/p>","protected":false},"featured_media":1432,"comment_status":"open","ping_status":"closed","template":"","meta":{"_acf_changed":false},"product_brand":[],"product_cat":[40],"product_tag":[49],"class_list":{"0":"post-1251","1":"product","2":"type-product","3":"status-publish","4":"has-post-thumbnail","6":"product_cat-silhouettes-une-piece","7":"product_tag-une-piece","8":"pa_color-onix","9":"pa_size-large","10":"pa_size-medium","11":"pa_size-small","13":"first","14":"instock","15":"shipping-taxable","16":"purchasable","17":"product-type-variable","18":"rtwpvg-product"},"acf":[],"yoast_head":"<!-- This site is optimized with the Yoast SEO plugin v27.4 - https:\/\/yoast.com\/product\/yoast-seo-wordpress\/ -->\n<title>GA\u00cfA - Maillot de bain - Balnina<\/title>\n<meta name=\"robots\" content=\"index, follow, max-snippet:-1, max-image-preview:large, max-video-preview:-1\" \/>\n<link rel=\"canonical\" href=\"https:\/\/balnina.com\/en\/product\/gaia-onix\/\" \/>\n<meta property=\"og:locale\" content=\"en_US\" \/>\n<meta property=\"og:type\" content=\"article\" \/>\n<meta property=\"og:title\" content=\"GA\u00cfA - Maillot de bain - Balnina\" \/>\n<meta property=\"og:description\" content=\"Ga\u00efa est une ode \u00e0 la puissance originelle, \u00e0 la beaut\u00e9 ancr\u00e9e et instinctive. Ce une-pi\u00e8ce au dos nu r\u00e9v\u00e8le la peau avec justesse, dans un \u00e9quilibre parfait entre force et sensualit\u00e9. Il affirme une ligne pure, presque tellurique, o\u00f9 chaque couture suit le corps comme une \u00e9vidence. Sa coupe pr\u00e9cise \u00e9pouse les formes et les soutient avec une douceur ma\u00eetris\u00e9e, sans jamais contraindre. Le dos et le d\u00e9collet\u00e9, profond\u00e9ment d\u00e9gag\u00e9s, attirent le regard et lib\u00e8rent le mouvement, tandis que l\u2019\u00e9chancrure allonge la jambe et souligne la taille avec naturel. Pens\u00e9 comme une seconde peau, Ga\u00efa accompagne chaque geste avec fluidit\u00e9 et assurance. Un maillot essentiel et magn\u00e9tique, pour celles \u00e0 la confiance calme et profond\u00e9ment ancr\u00e9e.\" \/>\n<meta property=\"og:url\" content=\"https:\/\/balnina.com\/en\/product\/gaia-onix\/\" \/>\n<meta property=\"og:site_name\" content=\"Balnina\" \/>\n<meta property=\"article:modified_time\" content=\"2026-04-07T17:23:52+00:00\" \/>\n<meta property=\"og:image\" content=\"https:\/\/balnina.com\/wp-content\/uploads\/2026\/04\/gaia-onix-1-preface.webp\" \/>\n\t<meta property=\"og:image:width\" content=\"720\" \/>\n\t<meta property=\"og:image:height\" content=\"1080\" \/>\n\t<meta property=\"og:image:type\" content=\"image\/webp\" \/>\n<meta name=\"twitter:card\" content=\"summary_large_image\" \/>\n<meta name=\"twitter:label1\" content=\"Est. reading time\" \/>\n\t<meta name=\"twitter:data1\" content=\"1 minute\" \/>\n<script type=\"application\/ld+json\" class=\"yoast-schema-graph\">{\"@context\":\"https:\\\/\\\/schema.org\",\"@graph\":[{\"@type\":\"WebPage\",\"@id\":\"https:\\\/\\\/balnina.com\\\/product\\\/gaia-onix\\\/\",\"url\":\"https:\\\/\\\/balnina.com\\\/product\\\/gaia-onix\\\/\",\"name\":\"GA\u00cfA - Maillot de bain - Balnina\",\"isPartOf\":{\"@id\":\"https:\\\/\\\/balnina.com\\\/#website\"},\"primaryImageOfPage\":{\"@id\":\"https:\\\/\\\/balnina.com\\\/product\\\/gaia-onix\\\/#primaryimage\"},\"image\":{\"@id\":\"https:\\\/\\\/balnina.com\\\/product\\\/gaia-onix\\\/#primaryimage\"},\"thumbnailUrl\":\"https:\\\/\\\/balnina.com\\\/wp-content\\\/uploads\\\/2026\\\/04\\\/gaia-onix-1-preface.webp\",\"datePublished\":\"2026-04-01T17:29:12+00:00\",\"dateModified\":\"2026-04-07T17:23:52+00:00\",\"breadcrumb\":{\"@id\":\"https:\\\/\\\/balnina.com\\\/product\\\/gaia-onix\\\/#breadcrumb\"},\"inLanguage\":\"en-US\",\"potentialAction\":[{\"@type\":\"ReadAction\",\"target\":[\"https:\\\/\\\/balnina.com\\\/product\\\/gaia-onix\\\/\"]}]},{\"@type\":\"ImageObject\",\"inLanguage\":\"en-US\",\"@id\":\"https:\\\/\\\/balnina.com\\\/product\\\/gaia-onix\\\/#primaryimage\",\"url\":\"https:\\\/\\\/balnina.com\\\/wp-content\\\/uploads\\\/2026\\\/04\\\/gaia-onix-1-preface.webp\",\"contentUrl\":\"https:\\\/\\\/balnina.com\\\/wp-content\\\/uploads\\\/2026\\\/04\\\/gaia-onix-1-preface.webp\",\"width\":720,\"height\":1080},{\"@type\":\"BreadcrumbList\",\"@id\":\"https:\\\/\\\/balnina.com\\\/product\\\/gaia-onix\\\/#breadcrumb\",\"itemListElement\":[{\"@type\":\"ListItem\",\"position\":1,\"name\":\"Accueil\",\"item\":\"https:\\\/\\\/balnina.com\\\/\"},{\"@type\":\"ListItem\",\"position\":2,\"name\":\"Boutique\",\"item\":\"https:\\\/\\\/balnina.com\\\/shop\\\/\"},{\"@type\":\"ListItem\",\"position\":3,\"name\":\"GA\u00cfA &#8211; Maillot de bain\"}]},{\"@type\":\"WebSite\",\"@id\":\"https:\\\/\\\/balnina.com\\\/#website\",\"url\":\"https:\\\/\\\/balnina.com\\\/\",\"name\":\"Balnina\",\"description\":\"Swimwear - Were summer meets the sea\",\"publisher\":{\"@id\":\"https:\\\/\\\/balnina.com\\\/#organization\"},\"potentialAction\":[{\"@type\":\"SearchAction\",\"target\":{\"@type\":\"EntryPoint\",\"urlTemplate\":\"https:\\\/\\\/balnina.com\\\/?s={search_term_string}\"},\"query-input\":{\"@type\":\"PropertyValueSpecification\",\"valueRequired\":true,\"valueName\":\"search_term_string\"}}],\"inLanguage\":\"en-US\"},{\"@type\":\"Organization\",\"@id\":\"https:\\\/\\\/balnina.com\\\/#organization\",\"name\":\"Balnina\",\"url\":\"https:\\\/\\\/balnina.com\\\/\",\"logo\":{\"@type\":\"ImageObject\",\"inLanguage\":\"en-US\",\"@id\":\"https:\\\/\\\/balnina.com\\\/#\\\/schema\\\/logo\\\/image\\\/\",\"url\":\"https:\\\/\\\/balnina.com\\\/wp-content\\\/uploads\\\/2025\\\/05\\\/Balnina-logo-1.png\",\"contentUrl\":\"https:\\\/\\\/balnina.com\\\/wp-content\\\/uploads\\\/2025\\\/05\\\/Balnina-logo-1.png\",\"width\":650,\"height\":125,\"caption\":\"Balnina\"},\"image\":{\"@id\":\"https:\\\/\\\/balnina.com\\\/#\\\/schema\\\/logo\\\/image\\\/\"}}]}<\/script>\n<!-- \/ Yoast SEO plugin. -->","yoast_head_json":{"title":"GA\u00cfA - Maillot de bain - Balnina","robots":{"index":"index","follow":"follow","max-snippet":"max-snippet:-1","max-image-preview":"max-image-preview:large","max-video-preview":"max-video-preview:-1"},"canonical":"https:\/\/balnina.com\/en\/product\/gaia-onix\/","og_locale":"en_US","og_type":"article","og_title":"GA\u00cfA - Maillot de bain - Balnina","og_description":"Ga\u00efa est une ode \u00e0 la puissance originelle, \u00e0 la beaut\u00e9 ancr\u00e9e et instinctive. Ce une-pi\u00e8ce au dos nu r\u00e9v\u00e8le la peau avec justesse, dans un \u00e9quilibre parfait entre force et sensualit\u00e9. Il affirme une ligne pure, presque tellurique, o\u00f9 chaque couture suit le corps comme une \u00e9vidence. Sa coupe pr\u00e9cise \u00e9pouse les formes et les soutient avec une douceur ma\u00eetris\u00e9e, sans jamais contraindre. Le dos et le d\u00e9collet\u00e9, profond\u00e9ment d\u00e9gag\u00e9s, attirent le regard et lib\u00e8rent le mouvement, tandis que l\u2019\u00e9chancrure allonge la jambe et souligne la taille avec naturel. Pens\u00e9 comme une seconde peau, Ga\u00efa accompagne chaque geste avec fluidit\u00e9 et assurance. Un maillot essentiel et magn\u00e9tique, pour celles \u00e0 la confiance calme et profond\u00e9ment ancr\u00e9e.","og_url":"https:\/\/balnina.com\/en\/product\/gaia-onix\/","og_site_name":"Balnina","article_modified_time":"2026-04-07T17:23:52+00:00","og_image":[{"width":720,"height":1080,"url":"https:\/\/balnina.com\/wp-content\/uploads\/2026\/04\/gaia-onix-1-preface.webp","type":"image\/webp"}],"twitter_card":"summary_large_image","twitter_misc":{"Est. reading time":"1 minute"},"schema":{"@context":"https:\/\/schema.org","@graph":[{"@type":"WebPage","@id":"https:\/\/balnina.com\/product\/gaia-onix\/","url":"https:\/\/balnina.com\/product\/gaia-onix\/","name":"GA\u00cfA - Maillot de bain - Balnina","isPartOf":{"@id":"https:\/\/balnina.com\/#website"},"primaryImageOfPage":{"@id":"https:\/\/balnina.com\/product\/gaia-onix\/#primaryimage"},"image":{"@id":"https:\/\/balnina.com\/product\/gaia-onix\/#primaryimage"},"thumbnailUrl":"https:\/\/balnina.com\/wp-content\/uploads\/2026\/04\/gaia-onix-1-preface.webp","datePublished":"2026-04-01T17:29:12+00:00","dateModified":"2026-04-07T17:23:52+00:00","breadcrumb":{"@id":"https:\/\/balnina.com\/product\/gaia-onix\/#breadcrumb"},"inLanguage":"en-US","potentialAction":[{"@type":"ReadAction","target":["https:\/\/balnina.com\/product\/gaia-onix\/"]}]},{"@type":"ImageObject","inLanguage":"en-US","@id":"https:\/\/balnina.com\/product\/gaia-onix\/#primaryimage","url":"https:\/\/balnina.com\/wp-content\/uploads\/2026\/04\/gaia-onix-1-preface.webp","contentUrl":"https:\/\/balnina.com\/wp-content\/uploads\/2026\/04\/gaia-onix-1-preface.webp","width":720,"height":1080},{"@type":"BreadcrumbList","@id":"https:\/\/balnina.com\/product\/gaia-onix\/#breadcrumb","itemListElement":[{"@type":"ListItem","position":1,"name":"Accueil","item":"https:\/\/balnina.com\/"},{"@type":"ListItem","position":2,"name":"Boutique","item":"https:\/\/balnina.com\/shop\/"},{"@type":"ListItem","position":3,"name":"GA\u00cfA &#8211; Maillot de bain"}]},{"@type":"WebSite","@id":"https:\/\/balnina.com\/#website","url":"https:\/\/balnina.com\/","name":"Balnina","description":"Swimwear - Were summer meets the sea","publisher":{"@id":"https:\/\/balnina.com\/#organization"},"potentialAction":[{"@type":"SearchAction","target":{"@type":"EntryPoint","urlTemplate":"https:\/\/balnina.com\/?s={search_term_string}"},"query-input":{"@type":"PropertyValueSpecification","valueRequired":true,"valueName":"search_term_string"}}],"inLanguage":"en-US"},{"@type":"Organization","@id":"https:\/\/balnina.com\/#organization","name":"Balnina","url":"https:\/\/balnina.com\/","logo":{"@type":"ImageObject","inLanguage":"en-US","@id":"https:\/\/balnina.com\/#\/schema\/logo\/image\/","url":"https:\/\/balnina.com\/wp-content\/uploads\/2025\/05\/Balnina-logo-1.png","contentUrl":"https:\/\/balnina.com\/wp-content\/uploads\/2025\/05\/Balnina-logo-1.png","width":650,"height":125,"caption":"Balnina"},"image":{"@id":"https:\/\/balnina.com\/#\/schema\/logo\/image\/"}}]}},"jetpack_sharing_enabled":true,"_links":{"self":[{"href":"https:\/\/balnina.com\/en\/wp-json\/wp\/v2\/product\/1251","targetHints":{"allow":["GET"]}}],"collection":[{"href":"https:\/\/balnina.com\/en\/wp-json\/wp\/v2\/product"}],"about":[{"href":"https:\/\/balnina.com\/en\/wp-json\/wp\/v2\/types\/product"}],"replies":[{"embeddable":true,"href":"https:\/\/balnina.com\/en\/wp-json\/wp\/v2\/comments?post=1251"}],"wp:featuredmedia":[{"embeddable":true,"href":"https:\/\/balnina.com\/en\/wp-json\/wp\/v2\/media\/1432"}],"wp:attachment":[{"href":"https:\/\/balnina.com\/en\/wp-json\/wp\/v2\/media?parent=1251"}],"wp:term":[{"taxonomy":"product_brand","embeddable":true,"href":"https:\/\/balnina.com\/en\/wp-json\/wp\/v2\/product_brand?post=1251"},{"taxonomy":"product_cat","embeddable":true,"href":"https:\/\/balnina.com\/en\/wp-json\/wp\/v2\/product_cat?post=1251"},{"taxonomy":"product_tag","embeddable":true,"href":"https:\/\/balnina.com\/en\/wp-json\/wp\/v2\/product_tag?post=1251"}],"curies":[{"name":"wp","href":"https:\/\/api.w.org\/{rel}","templated":true}]}}