{"id":868,"date":"2026-03-31T15:35:33","date_gmt":"2026-03-31T15:35:33","guid":{"rendered":"https:\/\/balnina.com\/?page_id=868"},"modified":"2026-03-31T15:48:47","modified_gmt":"2026-03-31T15:48:47","slug":"livraisons-retours","status":"publish","type":"page","link":"https:\/\/balnina.com\/en\/livraisons-retours\/","title":{"rendered":"Livraisons &amp; Retours"},"content":{"rendered":"<div data-elementor-type=\"wp-page\" data-elementor-id=\"868\" class=\"elementor elementor-868\" data-elementor-post-type=\"page\">\n\t\t\t\t<div class=\"elementor-element elementor-element-32ee04c e-flex e-con-boxed e-con e-parent\" data-id=\"32ee04c\" data-element_type=\"container\" data-e-type=\"container\">\n\t\t\t\t\t<div class=\"e-con-inner\">\n\t\t\t\t<div class=\"elementor-element elementor-element-f04efda elementor-widget elementor-widget-heading\" data-id=\"f04efda\" data-element_type=\"widget\" data-e-type=\"widget\" data-widget_type=\"heading.default\">\n\t\t\t\t<div class=\"elementor-widget-container\">\n\t\t\t\t\t<h1 class=\"elementor-heading-title elementor-size-default\">Livraisons &amp; Retours<\/h1>\t\t\t\t<\/div>\n\t\t\t\t<\/div>\n\t\t\t\t\t<\/div>\n\t\t\t\t<\/div>\n\t\t<div class=\"elementor-element elementor-element-f7c3c82 e-flex e-con-boxed e-con e-parent\" data-id=\"f7c3c82\" data-element_type=\"container\" data-e-type=\"container\">\n\t\t\t\t\t<div class=\"e-con-inner\">\n\t\t\t\t<div class=\"elementor-element elementor-element-d2ed812 elementor-widget elementor-widget-text-editor\" data-id=\"d2ed812\" data-element_type=\"widget\" data-e-type=\"widget\" data-widget_type=\"text-editor.default\">\n\t\t\t\t<div class=\"elementor-widget-container\">\n\t\t\t\t\t\t\t\t\t<h6><strong>Livraisons<\/strong><\/h6><p>Nos cr\u00e9ations sont exp\u00e9di\u00e9es depuis la Suisse, avec le plus grand soin.<\/p><ul><li><strong>D\u00e9lais d\u2019exp\u00e9dition<\/strong> : Les commandes sont trait\u00e9es dans un d\u00e9lai de 2 \u00e0 5 jours ouvrables.<\/li><li><strong>Livraison standard :<\/strong><\/li><\/ul><p>Suisse : 2 \u00e0 4 jours ouvrables apr\u00e8s exp\u00e9dition.<\/p><p>Europe : 4 \u00e0 8 jours ouvrables apr\u00e8s exp\u00e9dition.<\/p><p>Reste du monde : 7 \u00e0 14 jours ouvrables selon la destination.<\/p><ul><li>Une fois votre commande exp\u00e9di\u00e9e, un lien de suivi vous est communiqu\u00e9 par e-mail.<\/li><\/ul><p>Veuillez noter que les d\u00e9lais de livraison peuvent \u00eatre allong\u00e9s en p\u00e9riode de forte affluence ou en raison de contr\u00f4les douaniers.<\/p><h6><strong>Retours<\/strong><\/h6><p>Nous esp\u00e9rons que vous aimerez vos pi\u00e8ces Balnina autant que nous aimons les cr\u00e9er. Si toutefois vous souhaitez effectuer un retour, vous disposez d\u2019un d\u00e9lai de 14 jours apr\u00e8s r\u00e9ception de votre commande.<\/p><p>Les retours sont accept\u00e9s sous conditions strictes :<\/p><ul><li>Les articles doivent \u00eatre non port\u00e9s, non lav\u00e9s, dans leur \u00e9tat d\u2019origine.<\/li><li>La protection hygi\u00e9nique, les \u00e9tiquettes, l\u2019emballage d\u2019origine, la bo\u00eete et, le cas \u00e9ch\u00e9ant, le dust bag doivent \u00eatre intacts. Les bo\u00eetes endommag\u00e9es feront objet d\u2019une facturation de 10CHF \u00e0 charge du client.<\/li><li><p><span style=\"font-family: Times New Roman, serif;\">Tout article pr\u00e9sentant des signes d\u2019usage ou dont les \u00e9l\u00e9ments cit\u00e9s ci-dessus sont manquants ne pourra faire l\u2019objet d\u2019un retour.<\/span><\/p><\/li><\/ul><p>Les frais de retour sont \u00e0 la charge du client.<\/p><h6><strong>Proc\u00e9dure de retour<\/strong><\/h6><p>Pour initier un retour, merci de nous contacter \u00e0 info@balnina.com dans un d\u00e9lai de 14 jours suivant la r\u00e9ception de votre commande. Veuillez inclure :<\/p><ul><li>votre num\u00e9ro de commande,<\/li><li>le(s) article(s) concern\u00e9(s),<\/li><li>et le motif du retour (facultatif).<\/li><\/ul><p>Une fois votre retour valid\u00e9, vous recevrez les instructions d\u00e9taill\u00e9es pour proc\u00e9der \u00e0 l\u2019envoi.<\/p><h6><strong>Articles d\u00e9fectueux<\/strong><\/h6><p>Les \u00e9ventuelles r\u00e9clamations concernant un article endommag\u00e9 ou non conforme doivent \u00eatre adress\u00e9es dans un d\u00e9lai de 3 jours calendaires suivant la r\u00e9ception, accompagn\u00e9es de photos \u00e0 l\u2019appui.<\/p><h6><strong>Remboursement<\/strong><\/h6><p><span style=\"font-family: Times New Roman, serif;\">D\u00e8s r\u00e9ception et v\u00e9rification du ou des articles retourn\u00e9s, un remboursement sera effectu\u00e9 selon le mode de paiement initial dans un d\u00e9lai de 14 jours maximum.<br \/>Les frais de livraison initiaux ne sont pas rembours\u00e9s.<\/span><\/p>\t\t\t\t\t\t\t\t<\/div>\n\t\t\t\t<\/div>\n\t\t\t\t\t<\/div>\n\t\t\t\t<\/div>\n\t\t\t\t<\/div>","protected":false},"excerpt":{"rendered":"<p>Livraisons &amp; Retours Livraisons Nos cr\u00e9ations sont exp\u00e9di\u00e9es depuis la Suisse, avec le plus grand soin. D\u00e9lais d\u2019exp\u00e9dition : Les commandes sont trait\u00e9es dans un d\u00e9lai de 2 \u00e0 5 jours ouvrables. Livraison standard : Suisse : 2 \u00e0 4 jours ouvrables apr\u00e8s exp\u00e9dition. Europe : 4 \u00e0 8 jours ouvrables apr\u00e8s exp\u00e9dition. Reste du [&hellip;]<\/p>\n","protected":false},"author":3,"featured_media":0,"parent":0,"menu_order":0,"comment_status":"closed","ping_status":"closed","template":"","meta":{"_acf_changed":false,"footnotes":""},"class_list":["post-868","page","type-page","status-publish","hentry"],"acf":[],"yoast_head":"<!-- This site is optimized with the Yoast SEO plugin v27.4 - https:\/\/yoast.com\/product\/yoast-seo-wordpress\/ -->\n<title>Livraisons &amp; Retours - Balnina<\/title>\n<meta name=\"robots\" content=\"index, follow, max-snippet:-1, max-image-preview:large, max-video-preview:-1\" \/>\n<link rel=\"canonical\" href=\"https:\/\/balnina.com\/en\/livraisons-retours\/\" \/>\n<meta property=\"og:locale\" content=\"en_US\" \/>\n<meta property=\"og:type\" content=\"article\" \/>\n<meta property=\"og:title\" content=\"Livraisons &amp; Retours - Balnina\" \/>\n<meta property=\"og:description\" content=\"Livraisons &amp; Retours Livraisons Nos cr\u00e9ations sont exp\u00e9di\u00e9es depuis la Suisse, avec le plus grand soin. D\u00e9lais d\u2019exp\u00e9dition : Les commandes sont trait\u00e9es dans un d\u00e9lai de 2 \u00e0 5 jours ouvrables. Livraison standard : Suisse : 2 \u00e0 4 jours ouvrables apr\u00e8s exp\u00e9dition. Europe : 4 \u00e0 8 jours ouvrables apr\u00e8s exp\u00e9dition. Reste du [&hellip;]\" \/>\n<meta property=\"og:url\" content=\"https:\/\/balnina.com\/en\/livraisons-retours\/\" \/>\n<meta property=\"og:site_name\" content=\"Balnina\" \/>\n<meta property=\"article:modified_time\" content=\"2026-03-31T15:48:47+00:00\" \/>\n<meta name=\"twitter:card\" content=\"summary_large_image\" \/>\n<meta name=\"twitter:label1\" content=\"Est. reading time\" \/>\n\t<meta name=\"twitter:data1\" content=\"2 minutes\" \/>\n<script type=\"application\/ld+json\" class=\"yoast-schema-graph\">{\"@context\":\"https:\\\/\\\/schema.org\",\"@graph\":[{\"@type\":\"WebPage\",\"@id\":\"https:\\\/\\\/balnina.com\\\/livraisons-retours\\\/\",\"url\":\"https:\\\/\\\/balnina.com\\\/livraisons-retours\\\/\",\"name\":\"Livraisons &amp; Retours - Balnina\",\"isPartOf\":{\"@id\":\"https:\\\/\\\/balnina.com\\\/#website\"},\"datePublished\":\"2026-03-31T15:35:33+00:00\",\"dateModified\":\"2026-03-31T15:48:47+00:00\",\"breadcrumb\":{\"@id\":\"https:\\\/\\\/balnina.com\\\/livraisons-retours\\\/#breadcrumb\"},\"inLanguage\":\"en-US\",\"potentialAction\":[{\"@type\":\"ReadAction\",\"target\":[\"https:\\\/\\\/balnina.com\\\/livraisons-retours\\\/\"]}]},{\"@type\":\"BreadcrumbList\",\"@id\":\"https:\\\/\\\/balnina.com\\\/livraisons-retours\\\/#breadcrumb\",\"itemListElement\":[{\"@type\":\"ListItem\",\"position\":1,\"name\":\"Accueil\",\"item\":\"https:\\\/\\\/balnina.com\\\/\"},{\"@type\":\"ListItem\",\"position\":2,\"name\":\"Livraisons &amp; Retours\"}]},{\"@type\":\"WebSite\",\"@id\":\"https:\\\/\\\/balnina.com\\\/#website\",\"url\":\"https:\\\/\\\/balnina.com\\\/\",\"name\":\"Balnina\",\"description\":\"Swimwear - Were summer meets the sea\",\"publisher\":{\"@id\":\"https:\\\/\\\/balnina.com\\\/#organization\"},\"potentialAction\":[{\"@type\":\"SearchAction\",\"target\":{\"@type\":\"EntryPoint\",\"urlTemplate\":\"https:\\\/\\\/balnina.com\\\/?s={search_term_string}\"},\"query-input\":{\"@type\":\"PropertyValueSpecification\",\"valueRequired\":true,\"valueName\":\"search_term_string\"}}],\"inLanguage\":\"en-US\"},{\"@type\":\"Organization\",\"@id\":\"https:\\\/\\\/balnina.com\\\/#organization\",\"name\":\"Balnina\",\"url\":\"https:\\\/\\\/balnina.com\\\/\",\"logo\":{\"@type\":\"ImageObject\",\"inLanguage\":\"en-US\",\"@id\":\"https:\\\/\\\/balnina.com\\\/#\\\/schema\\\/logo\\\/image\\\/\",\"url\":\"https:\\\/\\\/balnina.com\\\/wp-content\\\/uploads\\\/2025\\\/05\\\/Balnina-logo-1.png\",\"contentUrl\":\"https:\\\/\\\/balnina.com\\\/wp-content\\\/uploads\\\/2025\\\/05\\\/Balnina-logo-1.png\",\"width\":650,\"height\":125,\"caption\":\"Balnina\"},\"image\":{\"@id\":\"https:\\\/\\\/balnina.com\\\/#\\\/schema\\\/logo\\\/image\\\/\"}}]}<\/script>\n<!-- \/ Yoast SEO plugin. -->","yoast_head_json":{"title":"Livraisons &amp; Retours - Balnina","robots":{"index":"index","follow":"follow","max-snippet":"max-snippet:-1","max-image-preview":"max-image-preview:large","max-video-preview":"max-video-preview:-1"},"canonical":"https:\/\/balnina.com\/en\/livraisons-retours\/","og_locale":"en_US","og_type":"article","og_title":"Livraisons &amp; Retours - Balnina","og_description":"Livraisons &amp; Retours Livraisons Nos cr\u00e9ations sont exp\u00e9di\u00e9es depuis la Suisse, avec le plus grand soin. D\u00e9lais d\u2019exp\u00e9dition : Les commandes sont trait\u00e9es dans un d\u00e9lai de 2 \u00e0 5 jours ouvrables. Livraison standard : Suisse : 2 \u00e0 4 jours ouvrables apr\u00e8s exp\u00e9dition. Europe : 4 \u00e0 8 jours ouvrables apr\u00e8s exp\u00e9dition. Reste du [&hellip;]","og_url":"https:\/\/balnina.com\/en\/livraisons-retours\/","og_site_name":"Balnina","article_modified_time":"2026-03-31T15:48:47+00:00","twitter_card":"summary_large_image","twitter_misc":{"Est. reading time":"2 minutes"},"schema":{"@context":"https:\/\/schema.org","@graph":[{"@type":"WebPage","@id":"https:\/\/balnina.com\/livraisons-retours\/","url":"https:\/\/balnina.com\/livraisons-retours\/","name":"Livraisons &amp; Retours - Balnina","isPartOf":{"@id":"https:\/\/balnina.com\/#website"},"datePublished":"2026-03-31T15:35:33+00:00","dateModified":"2026-03-31T15:48:47+00:00","breadcrumb":{"@id":"https:\/\/balnina.com\/livraisons-retours\/#breadcrumb"},"inLanguage":"en-US","potentialAction":[{"@type":"ReadAction","target":["https:\/\/balnina.com\/livraisons-retours\/"]}]},{"@type":"BreadcrumbList","@id":"https:\/\/balnina.com\/livraisons-retours\/#breadcrumb","itemListElement":[{"@type":"ListItem","position":1,"name":"Accueil","item":"https:\/\/balnina.com\/"},{"@type":"ListItem","position":2,"name":"Livraisons &amp; Retours"}]},{"@type":"WebSite","@id":"https:\/\/balnina.com\/#website","url":"https:\/\/balnina.com\/","name":"Balnina","description":"Swimwear - Were summer meets the sea","publisher":{"@id":"https:\/\/balnina.com\/#organization"},"potentialAction":[{"@type":"SearchAction","target":{"@type":"EntryPoint","urlTemplate":"https:\/\/balnina.com\/?s={search_term_string}"},"query-input":{"@type":"PropertyValueSpecification","valueRequired":true,"valueName":"search_term_string"}}],"inLanguage":"en-US"},{"@type":"Organization","@id":"https:\/\/balnina.com\/#organization","name":"Balnina","url":"https:\/\/balnina.com\/","logo":{"@type":"ImageObject","inLanguage":"en-US","@id":"https:\/\/balnina.com\/#\/schema\/logo\/image\/","url":"https:\/\/balnina.com\/wp-content\/uploads\/2025\/05\/Balnina-logo-1.png","contentUrl":"https:\/\/balnina.com\/wp-content\/uploads\/2025\/05\/Balnina-logo-1.png","width":650,"height":125,"caption":"Balnina"},"image":{"@id":"https:\/\/balnina.com\/#\/schema\/logo\/image\/"}}]}},"jetpack_sharing_enabled":true,"_links":{"self":[{"href":"https:\/\/balnina.com\/en\/wp-json\/wp\/v2\/pages\/868","targetHints":{"allow":["GET"]}}],"collection":[{"href":"https:\/\/balnina.com\/en\/wp-json\/wp\/v2\/pages"}],"about":[{"href":"https:\/\/balnina.com\/en\/wp-json\/wp\/v2\/types\/page"}],"author":[{"embeddable":true,"href":"https:\/\/balnina.com\/en\/wp-json\/wp\/v2\/users\/3"}],"replies":[{"embeddable":true,"href":"https:\/\/balnina.com\/en\/wp-json\/wp\/v2\/comments?post=868"}],"version-history":[{"count":7,"href":"https:\/\/balnina.com\/en\/wp-json\/wp\/v2\/pages\/868\/revisions"}],"predecessor-version":[{"id":885,"href":"https:\/\/balnina.com\/en\/wp-json\/wp\/v2\/pages\/868\/revisions\/885"}],"wp:attachment":[{"href":"https:\/\/balnina.com\/en\/wp-json\/wp\/v2\/media?parent=868"}],"curies":[{"name":"wp","href":"https:\/\/api.w.org\/{rel}","templated":true}]}}