{"id":862,"date":"2026-03-31T15:23:41","date_gmt":"2026-03-31T15:23:41","guid":{"rendered":"https:\/\/balnina.com\/?page_id=862"},"modified":"2026-04-15T09:50:11","modified_gmt":"2026-04-15T09:50:11","slug":"conditions-generales-dutilisation-cgu","status":"publish","type":"page","link":"https:\/\/balnina.com\/en\/conditions-generales-dutilisation-cgu\/","title":{"rendered":"Conditions G\u00e9n\u00e9rales d&rsquo;Utilisation (CGU)"},"content":{"rendered":"<div data-elementor-type=\"wp-page\" data-elementor-id=\"862\" class=\"elementor elementor-862\" data-elementor-post-type=\"page\">\n\t\t\t\t<div class=\"elementor-element elementor-element-0ca62c3 e-flex e-con-boxed e-con e-parent\" data-id=\"0ca62c3\" data-element_type=\"container\" data-e-type=\"container\">\n\t\t\t\t\t<div class=\"e-con-inner\">\n\t\t\t\t<div class=\"elementor-element elementor-element-78d0fc4 elementor-widget elementor-widget-heading\" data-id=\"78d0fc4\" data-element_type=\"widget\" data-e-type=\"widget\" data-widget_type=\"heading.default\">\n\t\t\t\t<div class=\"elementor-widget-container\">\n\t\t\t\t\t<h1 class=\"elementor-heading-title elementor-size-default\">Terms of use<\/h1>\t\t\t\t<\/div>\n\t\t\t\t<\/div>\n\t\t\t\t<div class=\"elementor-element elementor-element-0c25d36 elementor-widget elementor-widget-text-editor\" data-id=\"0c25d36\" data-element_type=\"widget\" data-e-type=\"widget\" data-widget_type=\"text-editor.default\">\n\t\t\t\t<div class=\"elementor-widget-container\">\n\t\t\t\t\t\t\t\t\t<p><strong>Balnina S\u00e0rl<\/strong><\/p><p><strong>Last updated: April 2025<\/strong><\/p><h6>1. Scope<\/h6><p>These General Terms and Conditions of Use (hereinafter the \u201cGTC\u201d) govern access to and use of the website <a href=\"https:\/\/balnina.com\/en\/\" target=\"_blank\" rel=\"noopener\">balnina.com<\/a> owned by Balnina S\u00e0rl, a company registered in the commercial register of the Canton of Vaud, Switzerland, with its registered office at CP, 1800 Vevey, Switzerland.<\/p><p>By accessing the Site, the user accepts these Terms of Use without reservation. If you do not agree to these terms, please do not use the Site.<\/p><h6>2. Use of the Site<\/h6><p>The Site is intended for personal, private and non-commercial use. The user agrees to browse the Site in accordance with applicable law, ethics and good morals, and not to disrupt or compromise its proper functioning.<\/p><h6>3. Intellectual Property<\/h6><p>All content on the Site, including but not limited to texts, images, illustrations, videos, logos, graphic identity, product names and all design elements, is the exclusive property of Balnina S\u00e0rl or is used under a duly acquired license.<\/p><p>Any reproduction, distribution, modification or commercial use without prior written authorization is strictly prohibited.<\/p><h6>4. Personal Data<\/h6><p>Use of the Site involves the collection and processing of certain personal data, in accordance with our Privacy Policy. Users have the right to access, rectify and delete their personal data at any time.<\/p><h6>5. External Links<\/h6><p>The Site may contain links to other websites. Balnina S\u00e0rl is not responsible for the content or privacy practices of such third-party sites.<\/p><h6>6. Site Availability<\/h6><p>Balnina S\u00e0rl strives to keep the Site accessible at all times, but is not bound by any obligation of continuous availability. Access may be temporarily suspended for maintenance or in the event of force majeure.<\/p><h6>7. Liability<\/h6><p>Balnina S\u00e0rl cannot be held liable for any direct or indirect damage resulting from the use of, or inability to access, the Site, including in the event of bugs, errors, service interruptions or contamination by a computer virus.<\/p><h6>8. Modification of the Terms and Conditions<\/h6><p>Balnina S\u00e0rl reserves the right to modify these Terms and Conditions at any time. Any modifications shall take effect upon their publication on the Site. Users are responsible for reviewing the Terms and Conditions regularly.<\/p><h6>9. Applicable Law and Jurisdiction<\/h6><p>These Terms and Conditions are governed by Swiss law. In the event of a dispute, the competent courts of the canton of Vaud shall have exclusive jurisdiction.<\/p>\t\t\t\t\t\t\t\t<\/div>\n\t\t\t\t<\/div>\n\t\t\t\t\t<\/div>\n\t\t\t\t<\/div>\n\t\t\t\t<\/div>","protected":false},"excerpt":{"rendered":"<p>Conditions G\u00e9n\u00e9rales d&rsquo;Utilisation (CGU) Balnina S\u00e0rl Derni\u00e8re mise \u00e0 jour : avril 2025 1. Champ d\u2019application Les pr\u00e9sentes Conditions G\u00e9n\u00e9rales d\u2019Utilisation (ci-apr\u00e8s les \u00ab CGU \u00bb) r\u00e9gissent l\u2019acc\u00e8s et l\u2019utilisation du site internet balnina.com (ci-apr\u00e8s le \u00ab Site \u00bb), propri\u00e9t\u00e9 de Balnina S\u00e0rl, soci\u00e9t\u00e9 inscrite au registre du commerce du canton de Vaud, Suisse, dont [&hellip;]<\/p>\n","protected":false},"author":3,"featured_media":0,"parent":0,"menu_order":0,"comment_status":"closed","ping_status":"closed","template":"","meta":{"_acf_changed":false,"footnotes":""},"class_list":["post-862","page","type-page","status-publish","hentry"],"acf":[],"yoast_head":"<!-- This site is optimized with the Yoast SEO plugin v27.4 - https:\/\/yoast.com\/product\/yoast-seo-wordpress\/ -->\n<title>Conditions G\u00e9n\u00e9rales d&#039;Utilisation (CGU) - Balnina<\/title>\n<meta name=\"robots\" content=\"index, follow, max-snippet:-1, max-image-preview:large, max-video-preview:-1\" \/>\n<link rel=\"canonical\" href=\"https:\/\/balnina.com\/en\/conditions-generales-dutilisation-cgu\/\" \/>\n<meta property=\"og:locale\" content=\"en_US\" \/>\n<meta property=\"og:type\" content=\"article\" \/>\n<meta property=\"og:title\" content=\"Conditions G\u00e9n\u00e9rales d&#039;Utilisation (CGU) - Balnina\" \/>\n<meta property=\"og:description\" content=\"Conditions G\u00e9n\u00e9rales d&rsquo;Utilisation (CGU) Balnina S\u00e0rl Derni\u00e8re mise \u00e0 jour : avril 2025 1. Champ d\u2019application Les pr\u00e9sentes Conditions G\u00e9n\u00e9rales d\u2019Utilisation (ci-apr\u00e8s les \u00ab CGU \u00bb) r\u00e9gissent l\u2019acc\u00e8s et l\u2019utilisation du site internet balnina.com (ci-apr\u00e8s le \u00ab Site \u00bb), propri\u00e9t\u00e9 de Balnina S\u00e0rl, soci\u00e9t\u00e9 inscrite au registre du commerce du canton de Vaud, Suisse, dont [&hellip;]\" \/>\n<meta property=\"og:url\" content=\"https:\/\/balnina.com\/en\/conditions-generales-dutilisation-cgu\/\" \/>\n<meta property=\"og:site_name\" content=\"Balnina\" \/>\n<meta property=\"article:modified_time\" content=\"2026-04-15T09:50:11+00:00\" \/>\n<meta name=\"twitter:card\" content=\"summary_large_image\" \/>\n<meta name=\"twitter:label1\" content=\"Est. reading time\" \/>\n\t<meta name=\"twitter:data1\" content=\"3 minutes\" \/>\n<script type=\"application\/ld+json\" class=\"yoast-schema-graph\">{\"@context\":\"https:\\\/\\\/schema.org\",\"@graph\":[{\"@type\":\"WebPage\",\"@id\":\"https:\\\/\\\/balnina.com\\\/conditions-generales-dutilisation-cgu\\\/\",\"url\":\"https:\\\/\\\/balnina.com\\\/conditions-generales-dutilisation-cgu\\\/\",\"name\":\"Conditions G\u00e9n\u00e9rales d'Utilisation (CGU) - Balnina\",\"isPartOf\":{\"@id\":\"https:\\\/\\\/balnina.com\\\/#website\"},\"datePublished\":\"2026-03-31T15:23:41+00:00\",\"dateModified\":\"2026-04-15T09:50:11+00:00\",\"breadcrumb\":{\"@id\":\"https:\\\/\\\/balnina.com\\\/conditions-generales-dutilisation-cgu\\\/#breadcrumb\"},\"inLanguage\":\"en-US\",\"potentialAction\":[{\"@type\":\"ReadAction\",\"target\":[\"https:\\\/\\\/balnina.com\\\/conditions-generales-dutilisation-cgu\\\/\"]}]},{\"@type\":\"BreadcrumbList\",\"@id\":\"https:\\\/\\\/balnina.com\\\/conditions-generales-dutilisation-cgu\\\/#breadcrumb\",\"itemListElement\":[{\"@type\":\"ListItem\",\"position\":1,\"name\":\"Accueil\",\"item\":\"https:\\\/\\\/balnina.com\\\/\"},{\"@type\":\"ListItem\",\"position\":2,\"name\":\"Conditions G\u00e9n\u00e9rales d&rsquo;Utilisation (CGU)\"}]},{\"@type\":\"WebSite\",\"@id\":\"https:\\\/\\\/balnina.com\\\/#website\",\"url\":\"https:\\\/\\\/balnina.com\\\/\",\"name\":\"Balnina\",\"description\":\"Swimwear - Were summer meets the sea\",\"publisher\":{\"@id\":\"https:\\\/\\\/balnina.com\\\/#organization\"},\"potentialAction\":[{\"@type\":\"SearchAction\",\"target\":{\"@type\":\"EntryPoint\",\"urlTemplate\":\"https:\\\/\\\/balnina.com\\\/?s={search_term_string}\"},\"query-input\":{\"@type\":\"PropertyValueSpecification\",\"valueRequired\":true,\"valueName\":\"search_term_string\"}}],\"inLanguage\":\"en-US\"},{\"@type\":\"Organization\",\"@id\":\"https:\\\/\\\/balnina.com\\\/#organization\",\"name\":\"Balnina\",\"url\":\"https:\\\/\\\/balnina.com\\\/\",\"logo\":{\"@type\":\"ImageObject\",\"inLanguage\":\"en-US\",\"@id\":\"https:\\\/\\\/balnina.com\\\/#\\\/schema\\\/logo\\\/image\\\/\",\"url\":\"https:\\\/\\\/balnina.com\\\/wp-content\\\/uploads\\\/2025\\\/05\\\/Balnina-logo-1.png\",\"contentUrl\":\"https:\\\/\\\/balnina.com\\\/wp-content\\\/uploads\\\/2025\\\/05\\\/Balnina-logo-1.png\",\"width\":650,\"height\":125,\"caption\":\"Balnina\"},\"image\":{\"@id\":\"https:\\\/\\\/balnina.com\\\/#\\\/schema\\\/logo\\\/image\\\/\"}}]}<\/script>\n<!-- \/ Yoast SEO plugin. -->","yoast_head_json":{"title":"Conditions G\u00e9n\u00e9rales d'Utilisation (CGU) - Balnina","robots":{"index":"index","follow":"follow","max-snippet":"max-snippet:-1","max-image-preview":"max-image-preview:large","max-video-preview":"max-video-preview:-1"},"canonical":"https:\/\/balnina.com\/en\/conditions-generales-dutilisation-cgu\/","og_locale":"en_US","og_type":"article","og_title":"Conditions G\u00e9n\u00e9rales d'Utilisation (CGU) - Balnina","og_description":"Conditions G\u00e9n\u00e9rales d&rsquo;Utilisation (CGU) Balnina S\u00e0rl Derni\u00e8re mise \u00e0 jour : avril 2025 1. Champ d\u2019application Les pr\u00e9sentes Conditions G\u00e9n\u00e9rales d\u2019Utilisation (ci-apr\u00e8s les \u00ab CGU \u00bb) r\u00e9gissent l\u2019acc\u00e8s et l\u2019utilisation du site internet balnina.com (ci-apr\u00e8s le \u00ab Site \u00bb), propri\u00e9t\u00e9 de Balnina S\u00e0rl, soci\u00e9t\u00e9 inscrite au registre du commerce du canton de Vaud, Suisse, dont [&hellip;]","og_url":"https:\/\/balnina.com\/en\/conditions-generales-dutilisation-cgu\/","og_site_name":"Balnina","article_modified_time":"2026-04-15T09:50:11+00:00","twitter_card":"summary_large_image","twitter_misc":{"Est. reading time":"3 minutes"},"schema":{"@context":"https:\/\/schema.org","@graph":[{"@type":"WebPage","@id":"https:\/\/balnina.com\/conditions-generales-dutilisation-cgu\/","url":"https:\/\/balnina.com\/conditions-generales-dutilisation-cgu\/","name":"Conditions G\u00e9n\u00e9rales d'Utilisation (CGU) - Balnina","isPartOf":{"@id":"https:\/\/balnina.com\/#website"},"datePublished":"2026-03-31T15:23:41+00:00","dateModified":"2026-04-15T09:50:11+00:00","breadcrumb":{"@id":"https:\/\/balnina.com\/conditions-generales-dutilisation-cgu\/#breadcrumb"},"inLanguage":"en-US","potentialAction":[{"@type":"ReadAction","target":["https:\/\/balnina.com\/conditions-generales-dutilisation-cgu\/"]}]},{"@type":"BreadcrumbList","@id":"https:\/\/balnina.com\/conditions-generales-dutilisation-cgu\/#breadcrumb","itemListElement":[{"@type":"ListItem","position":1,"name":"Accueil","item":"https:\/\/balnina.com\/"},{"@type":"ListItem","position":2,"name":"Conditions G\u00e9n\u00e9rales d&rsquo;Utilisation (CGU)"}]},{"@type":"WebSite","@id":"https:\/\/balnina.com\/#website","url":"https:\/\/balnina.com\/","name":"Balnina","description":"Swimwear - Were summer meets the sea","publisher":{"@id":"https:\/\/balnina.com\/#organization"},"potentialAction":[{"@type":"SearchAction","target":{"@type":"EntryPoint","urlTemplate":"https:\/\/balnina.com\/?s={search_term_string}"},"query-input":{"@type":"PropertyValueSpecification","valueRequired":true,"valueName":"search_term_string"}}],"inLanguage":"en-US"},{"@type":"Organization","@id":"https:\/\/balnina.com\/#organization","name":"Balnina","url":"https:\/\/balnina.com\/","logo":{"@type":"ImageObject","inLanguage":"en-US","@id":"https:\/\/balnina.com\/#\/schema\/logo\/image\/","url":"https:\/\/balnina.com\/wp-content\/uploads\/2025\/05\/Balnina-logo-1.png","contentUrl":"https:\/\/balnina.com\/wp-content\/uploads\/2025\/05\/Balnina-logo-1.png","width":650,"height":125,"caption":"Balnina"},"image":{"@id":"https:\/\/balnina.com\/#\/schema\/logo\/image\/"}}]}},"jetpack_sharing_enabled":true,"_links":{"self":[{"href":"https:\/\/balnina.com\/en\/wp-json\/wp\/v2\/pages\/862","targetHints":{"allow":["GET"]}}],"collection":[{"href":"https:\/\/balnina.com\/en\/wp-json\/wp\/v2\/pages"}],"about":[{"href":"https:\/\/balnina.com\/en\/wp-json\/wp\/v2\/types\/page"}],"author":[{"embeddable":true,"href":"https:\/\/balnina.com\/en\/wp-json\/wp\/v2\/users\/3"}],"replies":[{"embeddable":true,"href":"https:\/\/balnina.com\/en\/wp-json\/wp\/v2\/comments?post=862"}],"version-history":[{"count":22,"href":"https:\/\/balnina.com\/en\/wp-json\/wp\/v2\/pages\/862\/revisions"}],"predecessor-version":[{"id":2131,"href":"https:\/\/balnina.com\/en\/wp-json\/wp\/v2\/pages\/862\/revisions\/2131"}],"wp:attachment":[{"href":"https:\/\/balnina.com\/en\/wp-json\/wp\/v2\/media?parent=862"}],"curies":[{"name":"wp","href":"https:\/\/api.w.org\/{rel}","templated":true}]}}