{"id":857,"date":"2026-03-31T15:18:00","date_gmt":"2026-03-31T15:18:00","guid":{"rendered":"https:\/\/balnina.com\/?page_id=857"},"modified":"2026-04-07T15:10:52","modified_gmt":"2026-04-07T15:10:52","slug":"conditions-generales-de-vente-cgv-maison-balnina-suisse","status":"publish","type":"page","link":"https:\/\/balnina.com\/en\/conditions-generales-de-vente-cgv-maison-balnina-suisse\/","title":{"rendered":"General Terms and Conditions of Sale (GTCS) \u2013 Maison Balnina, Switzerland"},"content":{"rendered":"<div data-elementor-type=\"wp-page\" data-elementor-id=\"857\" class=\"elementor elementor-857\" data-elementor-post-type=\"page\">\n\t\t\t\t<div class=\"elementor-element elementor-element-c523092 e-flex e-con-boxed e-con e-parent\" data-id=\"c523092\" data-element_type=\"container\" data-e-type=\"container\">\n\t\t\t\t\t<div class=\"e-con-inner\">\n\t\t\t\t<div class=\"elementor-element elementor-element-80c3155 elementor-widget elementor-widget-heading\" data-id=\"80c3155\" data-element_type=\"widget\" data-e-type=\"widget\" data-widget_type=\"heading.default\">\n\t\t\t\t<div class=\"elementor-widget-container\">\n\t\t\t\t\t<h1 class=\"elementor-heading-title elementor-size-default\">General Terms and Conditions of Sale (GTCS) \u2013 Maison Balnina, Switzerland<\/h1>\t\t\t\t<\/div>\n\t\t\t\t<\/div>\n\t\t\t\t<div class=\"elementor-element elementor-element-e3a9cba elementor-widget elementor-widget-text-editor\" data-id=\"e3a9cba\" data-element_type=\"widget\" data-e-type=\"widget\" data-widget_type=\"text-editor.default\">\n\t\t\t\t<div class=\"elementor-widget-container\">\n\t\t\t\t\t\t\t\t\t<h6>1. General Information<\/h6>\n<p>Balnina S\u00e0rl est une soci\u00e9t\u00e9 \u00e0 responsabilit\u00e9 limit\u00e9e inscrite au registre du commerce du canton de Vaud, en Suisse.<\/p>\n<p>\n  <strong>Postal address:<\/strong> CP, 1800 Vevey, Switzerland<br>  <strong>Contact :<\/strong> <a href=\"mailto:info@balnina.com\">info@balnina.com<\/a>\n<\/p>\n<h6>2. Scope of Application<\/h6>\n<p>These General Terms and Conditions of Sale (hereinafter the \u201cGTCS\u201d) apply to all orders placed on the website <a href=\"https:\/\/balnina.com\/en\/\" target=\"_blank\" rel=\"noopener\">www.balnina.com<\/a>By ordering a product, the customer accepts these terms without reservation.<\/p>\n<h6>3. Products<\/h6>\n<p>The items offered for sale are described and presented as accurately as possible. Product photographs are not legally binding, but faithfully reflect their spirit, design, and quality.<\/p>\n<h6>4. Prices<\/h6>\n<p>Prices are stated in Swiss francs (CHF), all taxes included. Shipping costs are specified at the time of ordering. Maison Balnina reserves the right to modify its prices at any time, while guaranteeing the application of the price in force at the time the order is confirmed.<\/p>\n<h6>5. Orders<\/h6>\n<p>All orders are confirmed by email. Maison Balnina reserves the right to refuse an order in the event of a dispute with the customer or if the product is unavailable.<\/p>\n<h6>6. Delivery<\/h6>\n<p>Products are delivered to the address provided by the customer at the time of ordering. Delivery times vary depending on the destination country and the selected shipping method. Maison Balnina shall not be held liable for delivery delays attributable to the carrier or to exceptional circumstances.<\/p>\n<h6>7. Inspection Upon Receiving<\/h6>\n<p>Upon receiving of the parcel, the customer is required to check the condition of the packaging and the items. Any claim concerning damaged, incomplete, or incorrect items must be reported within 3 calendar days of receipt to the following address: <a href=\"mailto:info@balnina.com\">info@balnina.com<\/a>After this period, no claim may be accepted.<\/p>\n<h6>8. Returns and Right of Withdrawal<\/h6>\n<p>In accordance with Swiss law, returns are accepted within 14 days from receipt of the order. Items must be returned in their original condition, unworn, unwashed, with the original tag attached, the hygiene protection intact, and the complete packaging included (box, dust bag, etc.). Damaged boxes will incur a charge of CHF 10 payable by the customer.<\/p>\n<p>Any item that does not comply with these conditions will not be eligible for a refund. Return shipping costs are the responsibility of the customer.<\/p>\n<p>To initiate a return, please contact us at <a href=\"mailto:info@balnina.com\">info@balnina.com<\/a> indicating your order number and the reason for the return.<\/p>\n<h6>9. Intellectual Property<\/h6>\n<p>All elements of the website (texts, visuals, drawings, designs, product names, etc.) are the exclusive property of Balnina S\u00e0rl. Any reproduction or use without prior authorization is strictly prohibited.<\/p>\n<h6>10. Governing Law and Jurisdiction<\/h6>\n<p>These GTCS are governed by Swiss law. In the event of a dispute, the courts of the Canton of Vaud shall have exclusive jurisdiction.<\/p>\n<h6>11. Amendments to the GTCS<\/h6>\n<p>Maison Balnina reserves the right to amend its General Terms and Conditions of Sale at any time. The new terms shall apply as soon as they are published on the website.<\/p>\n<p>For any questions or further information, please write to us at <a href=\"mailto:info@balnina.com\">info@balnina.com<\/a>.<\/p>\n<p>Thank you for being part of the Balnina universe.<\/p>\t\t\t\t\t\t\t\t<\/div>\n\t\t\t\t<\/div>\n\t\t\t\t\t<\/div>\n\t\t\t\t<\/div>\n\t\t\t\t<\/div>","protected":false},"excerpt":{"rendered":"<p>Conditions G\u00e9n\u00e9rales de Vente (CGV) Maison Balnina \u2013 Suisse 1. Informations g\u00e9n\u00e9rales Balnina S\u00e0rl est une soci\u00e9t\u00e9 \u00e0 responsabilit\u00e9 limit\u00e9e inscrite au registre du commerce du canton de Vaud, en Suisse. Adresse postale : CP, 1800 Vevey, Suisse Contact : info@balnina.com 2. Champ d\u2019application Les pr\u00e9sentes Conditions G\u00e9n\u00e9rales de Vente (CGV) s\u2019appliquent \u00e0 toutes les [&hellip;]<\/p>\n","protected":false},"author":3,"featured_media":0,"parent":0,"menu_order":0,"comment_status":"closed","ping_status":"closed","template":"","meta":{"_acf_changed":false,"footnotes":""},"class_list":["post-857","page","type-page","status-publish","hentry"],"acf":[],"yoast_head":"<!-- This site is optimized with the Yoast SEO plugin v27.4 - https:\/\/yoast.com\/product\/yoast-seo-wordpress\/ -->\n<title>Conditions G\u00e9n\u00e9rales de Vente (CGV) Maison Balnina \u2013 Suisse - Balnina<\/title>\n<meta name=\"robots\" content=\"index, follow, max-snippet:-1, max-image-preview:large, max-video-preview:-1\" \/>\n<link rel=\"canonical\" href=\"https:\/\/balnina.com\/en\/conditions-generales-de-vente-cgv-maison-balnina-suisse\/\" \/>\n<meta property=\"og:locale\" content=\"en_US\" \/>\n<meta property=\"og:type\" content=\"article\" \/>\n<meta property=\"og:title\" content=\"Conditions G\u00e9n\u00e9rales de Vente (CGV) Maison Balnina \u2013 Suisse - Balnina\" \/>\n<meta property=\"og:description\" content=\"Conditions G\u00e9n\u00e9rales de Vente (CGV) Maison Balnina \u2013 Suisse 1. Informations g\u00e9n\u00e9rales Balnina S\u00e0rl est une soci\u00e9t\u00e9 \u00e0 responsabilit\u00e9 limit\u00e9e inscrite au registre du commerce du canton de Vaud, en Suisse. Adresse postale : CP, 1800 Vevey, Suisse Contact : info@balnina.com 2. Champ d\u2019application Les pr\u00e9sentes Conditions G\u00e9n\u00e9rales de Vente (CGV) s\u2019appliquent \u00e0 toutes les [&hellip;]\" \/>\n<meta property=\"og:url\" content=\"https:\/\/balnina.com\/en\/conditions-generales-de-vente-cgv-maison-balnina-suisse\/\" \/>\n<meta property=\"og:site_name\" content=\"Balnina\" \/>\n<meta property=\"article:modified_time\" content=\"2026-04-07T15:10:52+00:00\" \/>\n<meta name=\"twitter:card\" content=\"summary_large_image\" \/>\n<meta name=\"twitter:label1\" content=\"Est. reading time\" \/>\n\t<meta name=\"twitter:data1\" content=\"3 minutes\" \/>\n<script type=\"application\/ld+json\" class=\"yoast-schema-graph\">{\"@context\":\"https:\\\/\\\/schema.org\",\"@graph\":[{\"@type\":\"WebPage\",\"@id\":\"https:\\\/\\\/balnina.com\\\/conditions-generales-de-vente-cgv-maison-balnina-suisse\\\/\",\"url\":\"https:\\\/\\\/balnina.com\\\/conditions-generales-de-vente-cgv-maison-balnina-suisse\\\/\",\"name\":\"Conditions G\u00e9n\u00e9rales de Vente (CGV) Maison Balnina \u2013 Suisse - Balnina\",\"isPartOf\":{\"@id\":\"https:\\\/\\\/balnina.com\\\/#website\"},\"datePublished\":\"2026-03-31T15:18:00+00:00\",\"dateModified\":\"2026-04-07T15:10:52+00:00\",\"breadcrumb\":{\"@id\":\"https:\\\/\\\/balnina.com\\\/conditions-generales-de-vente-cgv-maison-balnina-suisse\\\/#breadcrumb\"},\"inLanguage\":\"en-US\",\"potentialAction\":[{\"@type\":\"ReadAction\",\"target\":[\"https:\\\/\\\/balnina.com\\\/conditions-generales-de-vente-cgv-maison-balnina-suisse\\\/\"]}]},{\"@type\":\"BreadcrumbList\",\"@id\":\"https:\\\/\\\/balnina.com\\\/conditions-generales-de-vente-cgv-maison-balnina-suisse\\\/#breadcrumb\",\"itemListElement\":[{\"@type\":\"ListItem\",\"position\":1,\"name\":\"Accueil\",\"item\":\"https:\\\/\\\/balnina.com\\\/\"},{\"@type\":\"ListItem\",\"position\":2,\"name\":\"Conditions G\u00e9n\u00e9rales de Vente (CGV) Maison Balnina \u2013 Suisse\"}]},{\"@type\":\"WebSite\",\"@id\":\"https:\\\/\\\/balnina.com\\\/#website\",\"url\":\"https:\\\/\\\/balnina.com\\\/\",\"name\":\"Balnina\",\"description\":\"Swimwear - Were summer meets the sea\",\"publisher\":{\"@id\":\"https:\\\/\\\/balnina.com\\\/#organization\"},\"potentialAction\":[{\"@type\":\"SearchAction\",\"target\":{\"@type\":\"EntryPoint\",\"urlTemplate\":\"https:\\\/\\\/balnina.com\\\/?s={search_term_string}\"},\"query-input\":{\"@type\":\"PropertyValueSpecification\",\"valueRequired\":true,\"valueName\":\"search_term_string\"}}],\"inLanguage\":\"en-US\"},{\"@type\":\"Organization\",\"@id\":\"https:\\\/\\\/balnina.com\\\/#organization\",\"name\":\"Balnina\",\"url\":\"https:\\\/\\\/balnina.com\\\/\",\"logo\":{\"@type\":\"ImageObject\",\"inLanguage\":\"en-US\",\"@id\":\"https:\\\/\\\/balnina.com\\\/#\\\/schema\\\/logo\\\/image\\\/\",\"url\":\"https:\\\/\\\/balnina.com\\\/wp-content\\\/uploads\\\/2025\\\/05\\\/Balnina-logo-1.png\",\"contentUrl\":\"https:\\\/\\\/balnina.com\\\/wp-content\\\/uploads\\\/2025\\\/05\\\/Balnina-logo-1.png\",\"width\":650,\"height\":125,\"caption\":\"Balnina\"},\"image\":{\"@id\":\"https:\\\/\\\/balnina.com\\\/#\\\/schema\\\/logo\\\/image\\\/\"}}]}<\/script>\n<!-- \/ Yoast SEO plugin. -->","yoast_head_json":{"title":"Conditions G\u00e9n\u00e9rales de Vente (CGV) Maison Balnina \u2013 Suisse - Balnina","robots":{"index":"index","follow":"follow","max-snippet":"max-snippet:-1","max-image-preview":"max-image-preview:large","max-video-preview":"max-video-preview:-1"},"canonical":"https:\/\/balnina.com\/en\/conditions-generales-de-vente-cgv-maison-balnina-suisse\/","og_locale":"en_US","og_type":"article","og_title":"Conditions G\u00e9n\u00e9rales de Vente (CGV) Maison Balnina \u2013 Suisse - Balnina","og_description":"Conditions G\u00e9n\u00e9rales de Vente (CGV) Maison Balnina \u2013 Suisse 1. Informations g\u00e9n\u00e9rales Balnina S\u00e0rl est une soci\u00e9t\u00e9 \u00e0 responsabilit\u00e9 limit\u00e9e inscrite au registre du commerce du canton de Vaud, en Suisse. Adresse postale : CP, 1800 Vevey, Suisse Contact : info@balnina.com 2. Champ d\u2019application Les pr\u00e9sentes Conditions G\u00e9n\u00e9rales de Vente (CGV) s\u2019appliquent \u00e0 toutes les [&hellip;]","og_url":"https:\/\/balnina.com\/en\/conditions-generales-de-vente-cgv-maison-balnina-suisse\/","og_site_name":"Balnina","article_modified_time":"2026-04-07T15:10:52+00:00","twitter_card":"summary_large_image","twitter_misc":{"Est. reading time":"3 minutes"},"schema":{"@context":"https:\/\/schema.org","@graph":[{"@type":"WebPage","@id":"https:\/\/balnina.com\/conditions-generales-de-vente-cgv-maison-balnina-suisse\/","url":"https:\/\/balnina.com\/conditions-generales-de-vente-cgv-maison-balnina-suisse\/","name":"Conditions G\u00e9n\u00e9rales de Vente (CGV) Maison Balnina \u2013 Suisse - Balnina","isPartOf":{"@id":"https:\/\/balnina.com\/#website"},"datePublished":"2026-03-31T15:18:00+00:00","dateModified":"2026-04-07T15:10:52+00:00","breadcrumb":{"@id":"https:\/\/balnina.com\/conditions-generales-de-vente-cgv-maison-balnina-suisse\/#breadcrumb"},"inLanguage":"en-US","potentialAction":[{"@type":"ReadAction","target":["https:\/\/balnina.com\/conditions-generales-de-vente-cgv-maison-balnina-suisse\/"]}]},{"@type":"BreadcrumbList","@id":"https:\/\/balnina.com\/conditions-generales-de-vente-cgv-maison-balnina-suisse\/#breadcrumb","itemListElement":[{"@type":"ListItem","position":1,"name":"Accueil","item":"https:\/\/balnina.com\/"},{"@type":"ListItem","position":2,"name":"Conditions G\u00e9n\u00e9rales de Vente (CGV) Maison Balnina \u2013 Suisse"}]},{"@type":"WebSite","@id":"https:\/\/balnina.com\/#website","url":"https:\/\/balnina.com\/","name":"Balnina","description":"Swimwear - Were summer meets the sea","publisher":{"@id":"https:\/\/balnina.com\/#organization"},"potentialAction":[{"@type":"SearchAction","target":{"@type":"EntryPoint","urlTemplate":"https:\/\/balnina.com\/?s={search_term_string}"},"query-input":{"@type":"PropertyValueSpecification","valueRequired":true,"valueName":"search_term_string"}}],"inLanguage":"en-US"},{"@type":"Organization","@id":"https:\/\/balnina.com\/#organization","name":"Balnina","url":"https:\/\/balnina.com\/","logo":{"@type":"ImageObject","inLanguage":"en-US","@id":"https:\/\/balnina.com\/#\/schema\/logo\/image\/","url":"https:\/\/balnina.com\/wp-content\/uploads\/2025\/05\/Balnina-logo-1.png","contentUrl":"https:\/\/balnina.com\/wp-content\/uploads\/2025\/05\/Balnina-logo-1.png","width":650,"height":125,"caption":"Balnina"},"image":{"@id":"https:\/\/balnina.com\/#\/schema\/logo\/image\/"}}]}},"jetpack_sharing_enabled":true,"_links":{"self":[{"href":"https:\/\/balnina.com\/en\/wp-json\/wp\/v2\/pages\/857","targetHints":{"allow":["GET"]}}],"collection":[{"href":"https:\/\/balnina.com\/en\/wp-json\/wp\/v2\/pages"}],"about":[{"href":"https:\/\/balnina.com\/en\/wp-json\/wp\/v2\/types\/page"}],"author":[{"embeddable":true,"href":"https:\/\/balnina.com\/en\/wp-json\/wp\/v2\/users\/3"}],"replies":[{"embeddable":true,"href":"https:\/\/balnina.com\/en\/wp-json\/wp\/v2\/comments?post=857"}],"version-history":[{"count":14,"href":"https:\/\/balnina.com\/en\/wp-json\/wp\/v2\/pages\/857\/revisions"}],"predecessor-version":[{"id":2132,"href":"https:\/\/balnina.com\/en\/wp-json\/wp\/v2\/pages\/857\/revisions\/2132"}],"wp:attachment":[{"href":"https:\/\/balnina.com\/en\/wp-json\/wp\/v2\/media?parent=857"}],"curies":[{"name":"wp","href":"https:\/\/api.w.org\/{rel}","templated":true}]}}