{"id":850,"date":"2026-03-31T15:12:28","date_gmt":"2026-03-31T15:12:28","guid":{"rendered":"https:\/\/balnina.com\/?page_id=850"},"modified":"2026-04-07T15:15:41","modified_gmt":"2026-04-07T15:15:41","slug":"politique-de-cookies","status":"publish","type":"page","link":"https:\/\/balnina.com\/en\/politique-de-cookies\/","title":{"rendered":"Cookie Policy"},"content":{"rendered":"<div data-elementor-type=\"wp-page\" data-elementor-id=\"850\" class=\"elementor elementor-850\" data-elementor-post-type=\"page\">\n\t\t\t\t<div class=\"elementor-element elementor-element-4241dd6 e-flex e-con-boxed e-con e-parent\" data-id=\"4241dd6\" data-element_type=\"container\" data-e-type=\"container\">\n\t\t\t\t\t<div class=\"e-con-inner\">\n\t\t\t\t<div class=\"elementor-element elementor-element-3bc7f61 elementor-widget elementor-widget-heading\" data-id=\"3bc7f61\" data-element_type=\"widget\" data-e-type=\"widget\" data-widget_type=\"heading.default\">\n\t\t\t\t<div class=\"elementor-widget-container\">\n\t\t\t\t\t<h1 class=\"elementor-heading-title elementor-size-default\">Cookie Policy<\/h1>\t\t\t\t<\/div>\n\t\t\t\t<\/div>\n\t\t\t\t<div class=\"elementor-element elementor-element-f279030 elementor-widget elementor-widget-text-editor\" data-id=\"f279030\" data-element_type=\"widget\" data-e-type=\"widget\" data-widget_type=\"text-editor.default\">\n\t\t\t\t<div class=\"elementor-widget-container\">\n\t\t\t\t\t\t\t\t\t<p><strong>Last updated: April 2025<\/strong><\/p>\n<p>The website of Balnina S\u00e0rl uses cookies in order to provide a smooth, personalized, and efficient browsing experience.<\/p>\n<h6>1. What is a cookie?<\/h6>\n<p>A cookie is a small text file placed on your device when you visit a website. It allows a visitor to be recognized, helps optimize navigation, and remembers preferences.<\/p>\n<h6>2. The cookies we use<\/h6>\n<p>We use several types of cookies:<\/p>\n<ul>\n<li><strong>Strictly necessary cookies:<\/strong> essential for the proper functioning of the website (for example: shopping cart, customer session).<\/li>\n<li><strong>Performance cookies:<\/strong> collect anonymous data on how visitors use the website.<\/li>\n<li><strong>Personalization cookies:<\/strong> remember your preferences, such as language or region.<\/li>\n<li><strong>Marketing cookies:<\/strong> allow personalized advertising content to be displayed based on your browsing activity.<\/li>\n<\/ul>\n<h6>3. Consent<\/h6>\n<p>When you visit the website for the first time, a banner informs you about the use of cookies. You may accept, refuse, or manage their use at any time through your browser settings.<\/p>\n<h6>4. Retention period<\/h6>\n<p>Cookies are stored for a maximum period of 13 months, in accordance with applicable legislation.<\/p>\n<h6>5. Managing cookies<\/h6>\n<p>You may configure your browser to refuse all or part of the cookies, or to notify you when they are installed. Refusing certain cookies may affect your user experience.<\/p>\n<h6>6. Contact<\/h6>\n<p>For any questions regarding this policy or the processing of your personal data, you may contact us at:<\/p>\n<p>\n  <a href=\"mailto:info@balnina.com\">info@balnina.com<\/a><br>  Balnina S\u00e0rl \u2013 CP, 1800 Vevey, Switzerland\n<\/p>\t\t\t\t\t\t\t\t<\/div>\n\t\t\t\t<\/div>\n\t\t\t\t\t<\/div>\n\t\t\t\t<\/div>\n\t\t\t\t<\/div>","protected":false},"excerpt":{"rendered":"<p>Politique de Cookies Derni\u00e8re mise \u00e0 jour : avril 2025 Le site de Balnina S\u00e0rl utilise des cookies afin d\u2019offrir une exp\u00e9rience de navigation fluide, personnalis\u00e9e et performante. 1. Qu\u2019est-ce qu\u2019un cookie ? Un cookie est un petit fichier texte d\u00e9pos\u00e9 sur votre appareil lors de la consultation d\u2019un site internet. Il permet de reconna\u00eetre [&hellip;]<\/p>\n","protected":false},"author":3,"featured_media":0,"parent":0,"menu_order":0,"comment_status":"closed","ping_status":"closed","template":"","meta":{"_acf_changed":false,"footnotes":""},"class_list":["post-850","page","type-page","status-publish","hentry"],"acf":[],"yoast_head":"<!-- This site is optimized with the Yoast SEO plugin v27.4 - https:\/\/yoast.com\/product\/yoast-seo-wordpress\/ -->\n<title>Politique de Cookies - Balnina<\/title>\n<meta name=\"robots\" content=\"index, follow, max-snippet:-1, max-image-preview:large, max-video-preview:-1\" \/>\n<link rel=\"canonical\" href=\"https:\/\/balnina.com\/en\/politique-de-cookies\/\" \/>\n<meta property=\"og:locale\" content=\"en_US\" \/>\n<meta property=\"og:type\" content=\"article\" \/>\n<meta property=\"og:title\" content=\"Politique de Cookies - Balnina\" \/>\n<meta property=\"og:description\" content=\"Politique de Cookies Derni\u00e8re mise \u00e0 jour : avril 2025 Le site de Balnina S\u00e0rl utilise des cookies afin d\u2019offrir une exp\u00e9rience de navigation fluide, personnalis\u00e9e et performante. 1. Qu\u2019est-ce qu\u2019un cookie ? Un cookie est un petit fichier texte d\u00e9pos\u00e9 sur votre appareil lors de la consultation d\u2019un site internet. Il permet de reconna\u00eetre [&hellip;]\" \/>\n<meta property=\"og:url\" content=\"https:\/\/balnina.com\/en\/politique-de-cookies\/\" \/>\n<meta property=\"og:site_name\" content=\"Balnina\" \/>\n<meta property=\"article:modified_time\" content=\"2026-04-07T15:15:41+00:00\" \/>\n<meta name=\"twitter:card\" content=\"summary_large_image\" \/>\n<meta name=\"twitter:label1\" content=\"Est. reading time\" \/>\n\t<meta name=\"twitter:data1\" content=\"2 minutes\" \/>\n<script type=\"application\/ld+json\" class=\"yoast-schema-graph\">{\"@context\":\"https:\\\/\\\/schema.org\",\"@graph\":[{\"@type\":\"WebPage\",\"@id\":\"https:\\\/\\\/balnina.com\\\/politique-de-cookies\\\/\",\"url\":\"https:\\\/\\\/balnina.com\\\/politique-de-cookies\\\/\",\"name\":\"Politique de Cookies - Balnina\",\"isPartOf\":{\"@id\":\"https:\\\/\\\/balnina.com\\\/#website\"},\"datePublished\":\"2026-03-31T15:12:28+00:00\",\"dateModified\":\"2026-04-07T15:15:41+00:00\",\"breadcrumb\":{\"@id\":\"https:\\\/\\\/balnina.com\\\/politique-de-cookies\\\/#breadcrumb\"},\"inLanguage\":\"en-US\",\"potentialAction\":[{\"@type\":\"ReadAction\",\"target\":[\"https:\\\/\\\/balnina.com\\\/politique-de-cookies\\\/\"]}]},{\"@type\":\"BreadcrumbList\",\"@id\":\"https:\\\/\\\/balnina.com\\\/politique-de-cookies\\\/#breadcrumb\",\"itemListElement\":[{\"@type\":\"ListItem\",\"position\":1,\"name\":\"Accueil\",\"item\":\"https:\\\/\\\/balnina.com\\\/\"},{\"@type\":\"ListItem\",\"position\":2,\"name\":\"Politique de Cookies\"}]},{\"@type\":\"WebSite\",\"@id\":\"https:\\\/\\\/balnina.com\\\/#website\",\"url\":\"https:\\\/\\\/balnina.com\\\/\",\"name\":\"Balnina\",\"description\":\"Swimwear - Were summer meets the sea\",\"publisher\":{\"@id\":\"https:\\\/\\\/balnina.com\\\/#organization\"},\"potentialAction\":[{\"@type\":\"SearchAction\",\"target\":{\"@type\":\"EntryPoint\",\"urlTemplate\":\"https:\\\/\\\/balnina.com\\\/?s={search_term_string}\"},\"query-input\":{\"@type\":\"PropertyValueSpecification\",\"valueRequired\":true,\"valueName\":\"search_term_string\"}}],\"inLanguage\":\"en-US\"},{\"@type\":\"Organization\",\"@id\":\"https:\\\/\\\/balnina.com\\\/#organization\",\"name\":\"Balnina\",\"url\":\"https:\\\/\\\/balnina.com\\\/\",\"logo\":{\"@type\":\"ImageObject\",\"inLanguage\":\"en-US\",\"@id\":\"https:\\\/\\\/balnina.com\\\/#\\\/schema\\\/logo\\\/image\\\/\",\"url\":\"https:\\\/\\\/balnina.com\\\/wp-content\\\/uploads\\\/2025\\\/05\\\/Balnina-logo-1.png\",\"contentUrl\":\"https:\\\/\\\/balnina.com\\\/wp-content\\\/uploads\\\/2025\\\/05\\\/Balnina-logo-1.png\",\"width\":650,\"height\":125,\"caption\":\"Balnina\"},\"image\":{\"@id\":\"https:\\\/\\\/balnina.com\\\/#\\\/schema\\\/logo\\\/image\\\/\"}}]}<\/script>\n<!-- \/ Yoast SEO plugin. -->","yoast_head_json":{"title":"Politique de Cookies - Balnina","robots":{"index":"index","follow":"follow","max-snippet":"max-snippet:-1","max-image-preview":"max-image-preview:large","max-video-preview":"max-video-preview:-1"},"canonical":"https:\/\/balnina.com\/en\/politique-de-cookies\/","og_locale":"en_US","og_type":"article","og_title":"Politique de Cookies - Balnina","og_description":"Politique de Cookies Derni\u00e8re mise \u00e0 jour : avril 2025 Le site de Balnina S\u00e0rl utilise des cookies afin d\u2019offrir une exp\u00e9rience de navigation fluide, personnalis\u00e9e et performante. 1. Qu\u2019est-ce qu\u2019un cookie ? Un cookie est un petit fichier texte d\u00e9pos\u00e9 sur votre appareil lors de la consultation d\u2019un site internet. Il permet de reconna\u00eetre [&hellip;]","og_url":"https:\/\/balnina.com\/en\/politique-de-cookies\/","og_site_name":"Balnina","article_modified_time":"2026-04-07T15:15:41+00:00","twitter_card":"summary_large_image","twitter_misc":{"Est. reading time":"2 minutes"},"schema":{"@context":"https:\/\/schema.org","@graph":[{"@type":"WebPage","@id":"https:\/\/balnina.com\/politique-de-cookies\/","url":"https:\/\/balnina.com\/politique-de-cookies\/","name":"Politique de Cookies - Balnina","isPartOf":{"@id":"https:\/\/balnina.com\/#website"},"datePublished":"2026-03-31T15:12:28+00:00","dateModified":"2026-04-07T15:15:41+00:00","breadcrumb":{"@id":"https:\/\/balnina.com\/politique-de-cookies\/#breadcrumb"},"inLanguage":"en-US","potentialAction":[{"@type":"ReadAction","target":["https:\/\/balnina.com\/politique-de-cookies\/"]}]},{"@type":"BreadcrumbList","@id":"https:\/\/balnina.com\/politique-de-cookies\/#breadcrumb","itemListElement":[{"@type":"ListItem","position":1,"name":"Accueil","item":"https:\/\/balnina.com\/"},{"@type":"ListItem","position":2,"name":"Politique de Cookies"}]},{"@type":"WebSite","@id":"https:\/\/balnina.com\/#website","url":"https:\/\/balnina.com\/","name":"Balnina","description":"Swimwear - Were summer meets the sea","publisher":{"@id":"https:\/\/balnina.com\/#organization"},"potentialAction":[{"@type":"SearchAction","target":{"@type":"EntryPoint","urlTemplate":"https:\/\/balnina.com\/?s={search_term_string}"},"query-input":{"@type":"PropertyValueSpecification","valueRequired":true,"valueName":"search_term_string"}}],"inLanguage":"en-US"},{"@type":"Organization","@id":"https:\/\/balnina.com\/#organization","name":"Balnina","url":"https:\/\/balnina.com\/","logo":{"@type":"ImageObject","inLanguage":"en-US","@id":"https:\/\/balnina.com\/#\/schema\/logo\/image\/","url":"https:\/\/balnina.com\/wp-content\/uploads\/2025\/05\/Balnina-logo-1.png","contentUrl":"https:\/\/balnina.com\/wp-content\/uploads\/2025\/05\/Balnina-logo-1.png","width":650,"height":125,"caption":"Balnina"},"image":{"@id":"https:\/\/balnina.com\/#\/schema\/logo\/image\/"}}]}},"jetpack_sharing_enabled":true,"_links":{"self":[{"href":"https:\/\/balnina.com\/en\/wp-json\/wp\/v2\/pages\/850","targetHints":{"allow":["GET"]}}],"collection":[{"href":"https:\/\/balnina.com\/en\/wp-json\/wp\/v2\/pages"}],"about":[{"href":"https:\/\/balnina.com\/en\/wp-json\/wp\/v2\/types\/page"}],"author":[{"embeddable":true,"href":"https:\/\/balnina.com\/en\/wp-json\/wp\/v2\/users\/3"}],"replies":[{"embeddable":true,"href":"https:\/\/balnina.com\/en\/wp-json\/wp\/v2\/comments?post=850"}],"version-history":[{"count":10,"href":"https:\/\/balnina.com\/en\/wp-json\/wp\/v2\/pages\/850\/revisions"}],"predecessor-version":[{"id":1990,"href":"https:\/\/balnina.com\/en\/wp-json\/wp\/v2\/pages\/850\/revisions\/1990"}],"wp:attachment":[{"href":"https:\/\/balnina.com\/en\/wp-json\/wp\/v2\/media?parent=850"}],"curies":[{"name":"wp","href":"https:\/\/api.w.org\/{rel}","templated":true}]}}