{"id":829,"date":"2026-03-31T14:40:17","date_gmt":"2026-03-31T14:40:17","guid":{"rendered":"https:\/\/balnina.com\/?page_id=829"},"modified":"2026-04-07T15:20:00","modified_gmt":"2026-04-07T15:20:00","slug":"mentions-legales","status":"publish","type":"page","link":"https:\/\/balnina.com\/en\/mentions-legales\/","title":{"rendered":"Legal notice"},"content":{"rendered":"\t\t<div data-elementor-type=\"wp-page\" data-elementor-id=\"829\" class=\"elementor elementor-829\" data-elementor-post-type=\"page\">\n\t\t\t\t<div class=\"elementor-element elementor-element-14aac09 e-flex e-con-boxed e-con e-parent\" data-id=\"14aac09\" data-element_type=\"container\" data-e-type=\"container\">\n\t\t\t\t\t<div class=\"e-con-inner\">\n\t\t\t\t<div class=\"elementor-element elementor-element-45dd9a2 elementor-widget elementor-widget-heading\" data-id=\"45dd9a2\" data-element_type=\"widget\" data-e-type=\"widget\" data-widget_type=\"heading.default\">\n\t\t\t\t<div class=\"elementor-widget-container\">\n\t\t\t\t\t<h2 class=\"elementor-heading-title elementor-size-default\">Mentions l\u00e9gales<\/h2>\t\t\t\t<\/div>\n\t\t\t\t<\/div>\n\t\t\t\t<div class=\"elementor-element elementor-element-32be293 elementor-widget elementor-widget-text-editor\" data-id=\"32be293\" data-element_type=\"widget\" data-e-type=\"widget\" data-widget_type=\"text-editor.default\">\n\t\t\t\t<div class=\"elementor-widget-container\">\n\t\t\t\t\t\t\t\t\t<p><strong>\u00c9diteur du site<\/strong><\/p><p>Le pr\u00e9sent site est \u00e9dit\u00e9 par :<\/p><p><strong>Balnina S\u00e0rl<\/strong><br \/>Soci\u00e9t\u00e9 \u00e0 responsabilit\u00e9 limit\u00e9e inscrite au Registre du commerce du canton de Vaud<br \/>Si\u00e8ge social : CP, 1800 Vevey \u2013 Suisse<br \/>N\u00b0 IDE : CHE-352.877.153<br \/>Email : <a href=\"mailto:info@balnina.com\">info@balnina.com<\/a><\/p><h6>Directrice de la publication<\/h6><p>La direction \u00e9ditoriale du site est assur\u00e9e par Balnina S\u00e0rl.<\/p><h6>H\u00e9bergement<\/h6><p>Le site est h\u00e9berg\u00e9 par :<a href=\"http:\/\/infomaniak.com\/\">[Infomaniak]<\/a><br \/>Adresse : 25 Rue Eug\u00e8ne-Marziano, CH-1227 Les Acacias, Switzerland<br \/>Site web : <a href=\"http:\/\/infomaniak.com\/\">[Infomaniak]<\/a><\/p><h6>Propri\u00e9t\u00e9 intellectuelle<\/h6><p>L\u2019ensemble des \u00e9l\u00e9ments pr\u00e9sents sur le site <a href=\"https:\/\/www.balnina.com\" target=\"_blank\" rel=\"noopener\">www.balnina.com<\/a> (textes, images, photographies, logos, vid\u00e9os, charte graphique, etc.) est prot\u00e9g\u00e9 par le droit d\u2019auteur et\/ou le droit des marques, et constitue la propri\u00e9t\u00e9 exclusive de Balnina S\u00e0rl, sauf mention contraire.<\/p><p>La marque Balnina est enregistr\u00e9e et prot\u00e9g\u00e9e aupr\u00e8s des autorit\u00e9s comp\u00e9tentes. Toute reproduction, diffusion ou utilisation de tout ou partie du contenu du site, sans autorisation \u00e9crite pr\u00e9alable, est strictement interdite.<\/p><h6>Protection des donn\u00e9es<\/h6><p>Les donn\u00e9es personnelles collect\u00e9es sur ce site sont trait\u00e9es avec confidentialit\u00e9, conform\u00e9ment \u00e0 la l\u00e9gislation suisse en vigueur, notamment la LPD (Loi sur la protection des donn\u00e9es).<\/p><p>Pour en savoir plus, consultez notre Politique de confidentialit\u00e9.<\/p><h6>Responsabilit\u00e9<\/h6><p>Balnina S\u00e0rl d\u00e9cline toute responsabilit\u00e9 en cas d\u2019erreurs ou d\u2019omissions dans les contenus publi\u00e9s sur le site. Le site peut contenir des liens vers d\u2019autres sites sur lesquels la soci\u00e9t\u00e9 n\u2019exerce aucun contr\u00f4le.<\/p>\t\t\t\t\t\t\t\t<\/div>\n\t\t\t\t<\/div>\n\t\t\t\t\t<\/div>\n\t\t\t\t<\/div>\n\t\t\t\t<\/div>\n\t\t","protected":false},"excerpt":{"rendered":"<p>Mentions l\u00e9gales \u00c9diteur du site Le pr\u00e9sent site est \u00e9dit\u00e9 par : Balnina S\u00e0rlSoci\u00e9t\u00e9 \u00e0 responsabilit\u00e9 limit\u00e9e inscrite au Registre du commerce du canton de VaudSi\u00e8ge social : CP, 1800 Vevey \u2013 SuisseN\u00b0 IDE : CHE-352.877.153Email : info@balnina.com Directrice de la publication La direction \u00e9ditoriale du site est assur\u00e9e par Balnina S\u00e0rl. H\u00e9bergement Le site [&hellip;]<\/p>\n","protected":false},"author":3,"featured_media":0,"parent":0,"menu_order":0,"comment_status":"closed","ping_status":"closed","template":"","meta":{"_acf_changed":false,"footnotes":""},"class_list":["post-829","page","type-page","status-publish","hentry"],"acf":[],"yoast_head":"<!-- This site is optimized with the Yoast SEO plugin v27.4 - https:\/\/yoast.com\/product\/yoast-seo-wordpress\/ -->\n<title>Mentions l\u00e9gales - Balnina<\/title>\n<meta name=\"robots\" content=\"index, follow, max-snippet:-1, max-image-preview:large, max-video-preview:-1\" \/>\n<link rel=\"canonical\" href=\"https:\/\/balnina.com\/en\/mentions-legales\/\" \/>\n<meta property=\"og:locale\" content=\"en_US\" \/>\n<meta property=\"og:type\" content=\"article\" \/>\n<meta property=\"og:title\" content=\"Mentions l\u00e9gales - Balnina\" \/>\n<meta property=\"og:description\" content=\"Mentions l\u00e9gales \u00c9diteur du site Le pr\u00e9sent site est \u00e9dit\u00e9 par : Balnina S\u00e0rlSoci\u00e9t\u00e9 \u00e0 responsabilit\u00e9 limit\u00e9e inscrite au Registre du commerce du canton de VaudSi\u00e8ge social : CP, 1800 Vevey \u2013 SuisseN\u00b0 IDE : CHE-352.877.153Email : info@balnina.com Directrice de la publication La direction \u00e9ditoriale du site est assur\u00e9e par Balnina S\u00e0rl. H\u00e9bergement Le site [&hellip;]\" \/>\n<meta property=\"og:url\" content=\"https:\/\/balnina.com\/en\/mentions-legales\/\" \/>\n<meta property=\"og:site_name\" content=\"Balnina\" \/>\n<meta property=\"article:modified_time\" content=\"2026-04-07T15:20:00+00:00\" \/>\n<meta name=\"twitter:card\" content=\"summary_large_image\" \/>\n<meta name=\"twitter:label1\" content=\"Est. reading time\" \/>\n\t<meta name=\"twitter:data1\" content=\"2 minutes\" \/>\n<script type=\"application\/ld+json\" class=\"yoast-schema-graph\">{\"@context\":\"https:\\\/\\\/schema.org\",\"@graph\":[{\"@type\":\"WebPage\",\"@id\":\"https:\\\/\\\/balnina.com\\\/mentions-legales\\\/\",\"url\":\"https:\\\/\\\/balnina.com\\\/mentions-legales\\\/\",\"name\":\"Mentions l\u00e9gales - Balnina\",\"isPartOf\":{\"@id\":\"https:\\\/\\\/balnina.com\\\/#website\"},\"datePublished\":\"2026-03-31T14:40:17+00:00\",\"dateModified\":\"2026-04-07T15:20:00+00:00\",\"breadcrumb\":{\"@id\":\"https:\\\/\\\/balnina.com\\\/mentions-legales\\\/#breadcrumb\"},\"inLanguage\":\"en-US\",\"potentialAction\":[{\"@type\":\"ReadAction\",\"target\":[\"https:\\\/\\\/balnina.com\\\/mentions-legales\\\/\"]}]},{\"@type\":\"BreadcrumbList\",\"@id\":\"https:\\\/\\\/balnina.com\\\/mentions-legales\\\/#breadcrumb\",\"itemListElement\":[{\"@type\":\"ListItem\",\"position\":1,\"name\":\"Accueil\",\"item\":\"https:\\\/\\\/balnina.com\\\/\"},{\"@type\":\"ListItem\",\"position\":2,\"name\":\"Mentions l\u00e9gales\"}]},{\"@type\":\"WebSite\",\"@id\":\"https:\\\/\\\/balnina.com\\\/#website\",\"url\":\"https:\\\/\\\/balnina.com\\\/\",\"name\":\"Balnina\",\"description\":\"Swimwear - Were summer meets the sea\",\"publisher\":{\"@id\":\"https:\\\/\\\/balnina.com\\\/#organization\"},\"potentialAction\":[{\"@type\":\"SearchAction\",\"target\":{\"@type\":\"EntryPoint\",\"urlTemplate\":\"https:\\\/\\\/balnina.com\\\/?s={search_term_string}\"},\"query-input\":{\"@type\":\"PropertyValueSpecification\",\"valueRequired\":true,\"valueName\":\"search_term_string\"}}],\"inLanguage\":\"en-US\"},{\"@type\":\"Organization\",\"@id\":\"https:\\\/\\\/balnina.com\\\/#organization\",\"name\":\"Balnina\",\"url\":\"https:\\\/\\\/balnina.com\\\/\",\"logo\":{\"@type\":\"ImageObject\",\"inLanguage\":\"en-US\",\"@id\":\"https:\\\/\\\/balnina.com\\\/#\\\/schema\\\/logo\\\/image\\\/\",\"url\":\"https:\\\/\\\/balnina.com\\\/wp-content\\\/uploads\\\/2025\\\/05\\\/Balnina-logo-1.png\",\"contentUrl\":\"https:\\\/\\\/balnina.com\\\/wp-content\\\/uploads\\\/2025\\\/05\\\/Balnina-logo-1.png\",\"width\":650,\"height\":125,\"caption\":\"Balnina\"},\"image\":{\"@id\":\"https:\\\/\\\/balnina.com\\\/#\\\/schema\\\/logo\\\/image\\\/\"}}]}<\/script>\n<!-- \/ Yoast SEO plugin. -->","yoast_head_json":{"title":"Mentions l\u00e9gales - Balnina","robots":{"index":"index","follow":"follow","max-snippet":"max-snippet:-1","max-image-preview":"max-image-preview:large","max-video-preview":"max-video-preview:-1"},"canonical":"https:\/\/balnina.com\/en\/mentions-legales\/","og_locale":"en_US","og_type":"article","og_title":"Mentions l\u00e9gales - Balnina","og_description":"Mentions l\u00e9gales \u00c9diteur du site Le pr\u00e9sent site est \u00e9dit\u00e9 par : Balnina S\u00e0rlSoci\u00e9t\u00e9 \u00e0 responsabilit\u00e9 limit\u00e9e inscrite au Registre du commerce du canton de VaudSi\u00e8ge social : CP, 1800 Vevey \u2013 SuisseN\u00b0 IDE : CHE-352.877.153Email : info@balnina.com Directrice de la publication La direction \u00e9ditoriale du site est assur\u00e9e par Balnina S\u00e0rl. H\u00e9bergement Le site [&hellip;]","og_url":"https:\/\/balnina.com\/en\/mentions-legales\/","og_site_name":"Balnina","article_modified_time":"2026-04-07T15:20:00+00:00","twitter_card":"summary_large_image","twitter_misc":{"Est. reading time":"2 minutes"},"schema":{"@context":"https:\/\/schema.org","@graph":[{"@type":"WebPage","@id":"https:\/\/balnina.com\/mentions-legales\/","url":"https:\/\/balnina.com\/mentions-legales\/","name":"Mentions l\u00e9gales - Balnina","isPartOf":{"@id":"https:\/\/balnina.com\/#website"},"datePublished":"2026-03-31T14:40:17+00:00","dateModified":"2026-04-07T15:20:00+00:00","breadcrumb":{"@id":"https:\/\/balnina.com\/mentions-legales\/#breadcrumb"},"inLanguage":"en-US","potentialAction":[{"@type":"ReadAction","target":["https:\/\/balnina.com\/mentions-legales\/"]}]},{"@type":"BreadcrumbList","@id":"https:\/\/balnina.com\/mentions-legales\/#breadcrumb","itemListElement":[{"@type":"ListItem","position":1,"name":"Accueil","item":"https:\/\/balnina.com\/"},{"@type":"ListItem","position":2,"name":"Mentions l\u00e9gales"}]},{"@type":"WebSite","@id":"https:\/\/balnina.com\/#website","url":"https:\/\/balnina.com\/","name":"Balnina","description":"Swimwear - Were summer meets the sea","publisher":{"@id":"https:\/\/balnina.com\/#organization"},"potentialAction":[{"@type":"SearchAction","target":{"@type":"EntryPoint","urlTemplate":"https:\/\/balnina.com\/?s={search_term_string}"},"query-input":{"@type":"PropertyValueSpecification","valueRequired":true,"valueName":"search_term_string"}}],"inLanguage":"en-US"},{"@type":"Organization","@id":"https:\/\/balnina.com\/#organization","name":"Balnina","url":"https:\/\/balnina.com\/","logo":{"@type":"ImageObject","inLanguage":"en-US","@id":"https:\/\/balnina.com\/#\/schema\/logo\/image\/","url":"https:\/\/balnina.com\/wp-content\/uploads\/2025\/05\/Balnina-logo-1.png","contentUrl":"https:\/\/balnina.com\/wp-content\/uploads\/2025\/05\/Balnina-logo-1.png","width":650,"height":125,"caption":"Balnina"},"image":{"@id":"https:\/\/balnina.com\/#\/schema\/logo\/image\/"}}]}},"jetpack_sharing_enabled":true,"_links":{"self":[{"href":"https:\/\/balnina.com\/en\/wp-json\/wp\/v2\/pages\/829","targetHints":{"allow":["GET"]}}],"collection":[{"href":"https:\/\/balnina.com\/en\/wp-json\/wp\/v2\/pages"}],"about":[{"href":"https:\/\/balnina.com\/en\/wp-json\/wp\/v2\/types\/page"}],"author":[{"embeddable":true,"href":"https:\/\/balnina.com\/en\/wp-json\/wp\/v2\/users\/3"}],"replies":[{"embeddable":true,"href":"https:\/\/balnina.com\/en\/wp-json\/wp\/v2\/comments?post=829"}],"version-history":[{"count":22,"href":"https:\/\/balnina.com\/en\/wp-json\/wp\/v2\/pages\/829\/revisions"}],"predecessor-version":[{"id":1999,"href":"https:\/\/balnina.com\/en\/wp-json\/wp\/v2\/pages\/829\/revisions\/1999"}],"wp:attachment":[{"href":"https:\/\/balnina.com\/en\/wp-json\/wp\/v2\/media?parent=829"}],"curies":[{"name":"wp","href":"https:\/\/api.w.org\/{rel}","templated":true}]}}