{"id":72,"date":"2025-05-19T10:06:40","date_gmt":"2025-05-19T10:06:40","guid":{"rendered":"https:\/\/balnina.com\/?page_id=72"},"modified":"2026-04-09T16:39:13","modified_gmt":"2026-04-09T16:39:13","slug":"about","status":"publish","type":"page","link":"https:\/\/balnina.com\/en\/about\/","title":{"rendered":"\u00c0 Propos"},"content":{"rendered":"<div data-elementor-type=\"wp-page\" data-elementor-id=\"72\" class=\"elementor elementor-72\" data-elementor-post-type=\"page\">\n\t\t\t\t<div class=\"elementor-element elementor-element-774099bf e-flex e-con-boxed e-con e-parent\" data-id=\"774099bf\" data-element_type=\"container\" data-e-type=\"container\" data-settings=\"{&quot;background_background&quot;:&quot;classic&quot;}\">\n\t\t\t\t\t<div class=\"e-con-inner\">\n\t\t<div class=\"elementor-element elementor-element-69762810 e-con-full e-flex e-con e-child\" data-id=\"69762810\" data-element_type=\"container\" data-e-type=\"container\" data-settings=\"{&quot;background_background&quot;:&quot;classic&quot;,&quot;animation&quot;:&quot;none&quot;}\">\n\t\t\t\t<div class=\"elementor-element elementor-element-8cec2cb elementor-widget elementor-widget-heading\" data-id=\"8cec2cb\" data-element_type=\"widget\" data-e-type=\"widget\" data-widget_type=\"heading.default\">\n\t\t\t\t<div class=\"elementor-widget-container\">\n\t\t\t\t\t<h2 class=\"elementor-heading-title elementor-size-default\">Maison Balnina<\/h2>\t\t\t\t<\/div>\n\t\t\t\t<\/div>\n\t\t\t\t<div class=\"elementor-element elementor-element-a9af27a elementor-widget elementor-widget-text-editor\" data-id=\"a9af27a\" data-element_type=\"widget\" data-e-type=\"widget\" data-widget_type=\"text-editor.default\">\n\t\t\t\t<div class=\"elementor-widget-container\">\n\t\t\t\t\t\t\t\t\t<p>Founded in Switzerland, <strong>Balnina<\/strong> is an independent house dedicated to seaside elegance. Born from the vision of a designer passionate about fashion since childhood, the house draws its essence from a demand for design excellence, purity of line, and understated sensuality.<\/p><p>From the very first sketches, hand-drawn between couture inspirations and distant shores, a clear vision emerges: that of a refined swimwear wardrobe, where each piece celebrates a woman in her most free, elegant, and magnetic form.<\/p>\t\t\t\t\t\t\t\t<\/div>\n\t\t\t\t<\/div>\n\t\t\t\t<\/div>\n\t\t\t\t\t<\/div>\n\t\t\t\t<\/div>\n\t\t<div class=\"elementor-element elementor-element-953a150 e-flex e-con-boxed e-con e-parent\" data-id=\"953a150\" data-element_type=\"container\" data-e-type=\"container\" data-settings=\"{&quot;background_background&quot;:&quot;classic&quot;}\">\n\t\t\t\t\t<div class=\"e-con-inner\">\n\t\t<div class=\"elementor-element elementor-element-34f82c2 e-con-full e-flex e-con e-child\" data-id=\"34f82c2\" data-element_type=\"container\" data-e-type=\"container\" data-settings=\"{&quot;animation&quot;:&quot;none&quot;}\">\n\t\t\t\t<div class=\"elementor-element elementor-element-f208489 elementor-widget elementor-widget-heading\" data-id=\"f208489\" data-element_type=\"widget\" data-e-type=\"widget\" data-widget_type=\"heading.default\">\n\t\t\t\t<div class=\"elementor-widget-container\">\n\t\t\t\t\t<h2 class=\"elementor-heading-title elementor-size-default\">The Art of Swimwear<\/h2>\t\t\t\t<\/div>\n\t\t\t\t<\/div>\n\t\t\t\t<div class=\"elementor-element elementor-element-73d4af4 elementor-widget elementor-widget-text-editor\" data-id=\"73d4af4\" data-element_type=\"widget\" data-e-type=\"widget\" data-widget_type=\"text-editor.default\">\n\t\t\t\t<div class=\"elementor-widget-container\">\n\t\t\t\t\t\t\t\t\t<p>At <strong>Balnina<\/strong>the swimsuit is approached as a true couture piece. Designed in Switzerland, each model is then carefully crafted across the world in rigorously selected ateliers. This dialogue between Swiss precision and skilled partner artisans gives rise to a silhouette that is clean, natural, and refined, designed to enhance the body in motion with subtlety and ease.<\/p><p>Far from fleeting trends, <strong>Balnina<\/strong> favors signature pieces with a timeless style. Each swimsuit embodies a rare balance: elegant, yet never dull. Sensual, with just the right touch of boldness.<\/p>\t\t\t\t\t\t\t\t<\/div>\n\t\t\t\t<\/div>\n\t\t\t\t<div class=\"elementor-element elementor-element-434d6ab elementor-widget elementor-widget-text-editor\" data-id=\"434d6ab\" data-element_type=\"widget\" data-e-type=\"widget\" data-widget_type=\"text-editor.default\">\n\t\t\t\t<div class=\"elementor-widget-container\">\n\t\t\t\t\t\t\t\t\t<p>The house draws inspiration from the world of its founder: a woman of taste, captivated by light, the sea, and escape. Her collections reflect a fascination with pure beauty, noble textures, and quiet luxury. Through each piece, <strong>Balnina<\/strong> expresses a true art of living, that of a contemporary woman who cultivates the perfect detail and effortless allure.<\/p>\t\t\t\t\t\t\t\t<\/div>\n\t\t\t\t<\/div>\n\t\t\t\t<\/div>\n\t\t\t\t\t<\/div>\n\t\t\t\t<\/div>\n\t\t<div class=\"elementor-element elementor-element-cd86c88 e-flex e-con-boxed e-con e-parent\" data-id=\"cd86c88\" data-element_type=\"container\" data-e-type=\"container\">\n\t\t\t\t\t<div class=\"e-con-inner\">\n\t\t<div class=\"elementor-element elementor-element-7ee4051 e-con-full e-flex e-con e-child\" data-id=\"7ee4051\" data-element_type=\"container\" data-e-type=\"container\" data-settings=\"{&quot;animation&quot;:&quot;none&quot;}\">\n\t\t\t\t<div class=\"elementor-element elementor-element-3395075 elementor-widget elementor-widget-heading\" data-id=\"3395075\" data-element_type=\"widget\" data-e-type=\"widget\" data-widget_type=\"heading.default\">\n\t\t\t\t<div class=\"elementor-widget-container\">\n\t\t\t\t\t<h2 class=\"elementor-heading-title elementor-size-default\">Balnina is an ode to contemporary femininity.<\/h2>\t\t\t\t<\/div>\n\t\t\t\t<\/div>\n\t\t<div class=\"elementor-element elementor-element-b309421 e-con-full e-flex e-con e-child\" data-id=\"b309421\" data-element_type=\"container\" data-e-type=\"container\">\n\t\t\t\t<div class=\"elementor-element elementor-element-ac852de elementor-widget elementor-widget-image\" data-id=\"ac852de\" data-element_type=\"widget\" data-e-type=\"widget\" data-widget_type=\"image.default\">\n\t\t\t\t<div class=\"elementor-widget-container\">\n\t\t\t\t\t\t\t\t\t\t\t\t\t\t\t<img fetchpriority=\"high\" decoding=\"async\" width=\"800\" height=\"534\" src=\"https:\/\/balnina.com\/wp-content\/uploads\/2026\/04\/about-us--1024x683.webp\" class=\"attachment-large size-large wp-image-1888\" alt=\"\" srcset=\"https:\/\/balnina.com\/wp-content\/uploads\/2026\/04\/about-us--1024x683.webp 1024w, https:\/\/balnina.com\/wp-content\/uploads\/2026\/04\/about-us--300x200.webp 300w, https:\/\/balnina.com\/wp-content\/uploads\/2026\/04\/about-us--768x512.webp 768w, https:\/\/balnina.com\/wp-content\/uploads\/2026\/04\/about-us--600x400.webp 600w, https:\/\/balnina.com\/wp-content\/uploads\/2026\/04\/about-us-.webp 1080w\" sizes=\"(max-width: 800px) 100vw, 800px\" \/>\t\t\t\t\t\t\t\t\t\t\t\t\t\t\t<\/div>\n\t\t\t\t<\/div>\n\t\t\t\t<\/div>\n\t\t\t\t<div class=\"elementor-element elementor-element-116674b elementor-widget elementor-widget-text-editor\" data-id=\"116674b\" data-element_type=\"widget\" data-e-type=\"widget\" data-widget_type=\"text-editor.default\">\n\t\t\t\t<div class=\"elementor-widget-container\">\n\t\t\t\t\t\t\t\t\t<p>Welcome to the universe of <strong>Balnina<\/strong>.<\/p>\t\t\t\t\t\t\t\t<\/div>\n\t\t\t\t<\/div>\n\t\t\t\t<\/div>\n\t\t\t\t\t<\/div>\n\t\t\t\t<\/div>\n\t\t\t\t<\/div>","protected":false},"excerpt":{"rendered":"<p>Balnina, Maison de Bain Fond\u00e9e en Suisse, Balnina est une maison ind\u00e9pendante d\u00e9di\u00e9e \u00e0 l\u2019\u00e9l\u00e9gance baln\u00e9aire. N\u00e9e de la vision d\u2019une cr\u00e9atrice passionn\u00e9e de mode depuis l\u2019enfance, la maison puise son essence dans l\u2019exigence du design, la justesse des lignes et une sensualit\u00e9 discr\u00e8te. D\u00e8s les premiers croquis, dessin\u00e9s \u00e0 la main entre inspirations couture [&hellip;]<\/p>\n","protected":false},"author":1,"featured_media":0,"parent":0,"menu_order":0,"comment_status":"closed","ping_status":"closed","template":"","meta":{"_acf_changed":false,"footnotes":""},"class_list":["post-72","page","type-page","status-publish","hentry"],"acf":[],"yoast_head":"<!-- This site is optimized with the Yoast SEO plugin v27.4 - https:\/\/yoast.com\/product\/yoast-seo-wordpress\/ -->\n<title>\u00c0 Propos - Balnina<\/title>\n<meta name=\"robots\" content=\"index, follow, max-snippet:-1, max-image-preview:large, max-video-preview:-1\" \/>\n<link rel=\"canonical\" href=\"https:\/\/balnina.com\/en\/about\/\" \/>\n<meta property=\"og:locale\" content=\"en_US\" \/>\n<meta property=\"og:type\" content=\"article\" \/>\n<meta property=\"og:title\" content=\"\u00c0 Propos - Balnina\" \/>\n<meta property=\"og:description\" content=\"Balnina, Maison de Bain Fond\u00e9e en Suisse, Balnina est une maison ind\u00e9pendante d\u00e9di\u00e9e \u00e0 l\u2019\u00e9l\u00e9gance baln\u00e9aire. N\u00e9e de la vision d\u2019une cr\u00e9atrice passionn\u00e9e de mode depuis l\u2019enfance, la maison puise son essence dans l\u2019exigence du design, la justesse des lignes et une sensualit\u00e9 discr\u00e8te. D\u00e8s les premiers croquis, dessin\u00e9s \u00e0 la main entre inspirations couture [&hellip;]\" \/>\n<meta property=\"og:url\" content=\"https:\/\/balnina.com\/en\/about\/\" \/>\n<meta property=\"og:site_name\" content=\"Balnina\" \/>\n<meta property=\"article:modified_time\" content=\"2026-04-09T16:39:13+00:00\" \/>\n<meta property=\"og:image\" content=\"https:\/\/balnina.com\/wp-content\/uploads\/2026\/04\/about-us-.webp\" \/>\n\t<meta property=\"og:image:width\" content=\"1080\" \/>\n\t<meta property=\"og:image:height\" content=\"720\" \/>\n\t<meta property=\"og:image:type\" content=\"image\/webp\" \/>\n<meta name=\"twitter:card\" content=\"summary_large_image\" \/>\n<meta name=\"twitter:label1\" content=\"Est. reading time\" \/>\n\t<meta name=\"twitter:data1\" content=\"2 minutes\" \/>\n<script type=\"application\/ld+json\" class=\"yoast-schema-graph\">{\"@context\":\"https:\\\/\\\/schema.org\",\"@graph\":[{\"@type\":\"WebPage\",\"@id\":\"https:\\\/\\\/balnina.com\\\/about\\\/\",\"url\":\"https:\\\/\\\/balnina.com\\\/about\\\/\",\"name\":\"\u00c0 Propos - Balnina\",\"isPartOf\":{\"@id\":\"https:\\\/\\\/balnina.com\\\/#website\"},\"primaryImageOfPage\":{\"@id\":\"https:\\\/\\\/balnina.com\\\/about\\\/#primaryimage\"},\"image\":{\"@id\":\"https:\\\/\\\/balnina.com\\\/about\\\/#primaryimage\"},\"thumbnailUrl\":\"https:\\\/\\\/balnina.com\\\/wp-content\\\/uploads\\\/2026\\\/04\\\/about-us--1024x683.webp\",\"datePublished\":\"2025-05-19T10:06:40+00:00\",\"dateModified\":\"2026-04-09T16:39:13+00:00\",\"breadcrumb\":{\"@id\":\"https:\\\/\\\/balnina.com\\\/about\\\/#breadcrumb\"},\"inLanguage\":\"en-US\",\"potentialAction\":[{\"@type\":\"ReadAction\",\"target\":[\"https:\\\/\\\/balnina.com\\\/about\\\/\"]}]},{\"@type\":\"ImageObject\",\"inLanguage\":\"en-US\",\"@id\":\"https:\\\/\\\/balnina.com\\\/about\\\/#primaryimage\",\"url\":\"https:\\\/\\\/balnina.com\\\/wp-content\\\/uploads\\\/2026\\\/04\\\/about-us--1024x683.webp\",\"contentUrl\":\"https:\\\/\\\/balnina.com\\\/wp-content\\\/uploads\\\/2026\\\/04\\\/about-us--1024x683.webp\"},{\"@type\":\"BreadcrumbList\",\"@id\":\"https:\\\/\\\/balnina.com\\\/about\\\/#breadcrumb\",\"itemListElement\":[{\"@type\":\"ListItem\",\"position\":1,\"name\":\"Accueil\",\"item\":\"https:\\\/\\\/balnina.com\\\/\"},{\"@type\":\"ListItem\",\"position\":2,\"name\":\"\u00c0 Propos\"}]},{\"@type\":\"WebSite\",\"@id\":\"https:\\\/\\\/balnina.com\\\/#website\",\"url\":\"https:\\\/\\\/balnina.com\\\/\",\"name\":\"Balnina\",\"description\":\"Swimwear - Were summer meets the sea\",\"publisher\":{\"@id\":\"https:\\\/\\\/balnina.com\\\/#organization\"},\"potentialAction\":[{\"@type\":\"SearchAction\",\"target\":{\"@type\":\"EntryPoint\",\"urlTemplate\":\"https:\\\/\\\/balnina.com\\\/?s={search_term_string}\"},\"query-input\":{\"@type\":\"PropertyValueSpecification\",\"valueRequired\":true,\"valueName\":\"search_term_string\"}}],\"inLanguage\":\"en-US\"},{\"@type\":\"Organization\",\"@id\":\"https:\\\/\\\/balnina.com\\\/#organization\",\"name\":\"Balnina\",\"url\":\"https:\\\/\\\/balnina.com\\\/\",\"logo\":{\"@type\":\"ImageObject\",\"inLanguage\":\"en-US\",\"@id\":\"https:\\\/\\\/balnina.com\\\/#\\\/schema\\\/logo\\\/image\\\/\",\"url\":\"https:\\\/\\\/balnina.com\\\/wp-content\\\/uploads\\\/2025\\\/05\\\/Balnina-logo-1.png\",\"contentUrl\":\"https:\\\/\\\/balnina.com\\\/wp-content\\\/uploads\\\/2025\\\/05\\\/Balnina-logo-1.png\",\"width\":650,\"height\":125,\"caption\":\"Balnina\"},\"image\":{\"@id\":\"https:\\\/\\\/balnina.com\\\/#\\\/schema\\\/logo\\\/image\\\/\"}}]}<\/script>\n<!-- \/ Yoast SEO plugin. -->","yoast_head_json":{"title":"\u00c0 Propos - Balnina","robots":{"index":"index","follow":"follow","max-snippet":"max-snippet:-1","max-image-preview":"max-image-preview:large","max-video-preview":"max-video-preview:-1"},"canonical":"https:\/\/balnina.com\/en\/about\/","og_locale":"en_US","og_type":"article","og_title":"\u00c0 Propos - Balnina","og_description":"Balnina, Maison de Bain Fond\u00e9e en Suisse, Balnina est une maison ind\u00e9pendante d\u00e9di\u00e9e \u00e0 l\u2019\u00e9l\u00e9gance baln\u00e9aire. N\u00e9e de la vision d\u2019une cr\u00e9atrice passionn\u00e9e de mode depuis l\u2019enfance, la maison puise son essence dans l\u2019exigence du design, la justesse des lignes et une sensualit\u00e9 discr\u00e8te. D\u00e8s les premiers croquis, dessin\u00e9s \u00e0 la main entre inspirations couture [&hellip;]","og_url":"https:\/\/balnina.com\/en\/about\/","og_site_name":"Balnina","article_modified_time":"2026-04-09T16:39:13+00:00","og_image":[{"width":1080,"height":720,"url":"https:\/\/balnina.com\/wp-content\/uploads\/2026\/04\/about-us-.webp","type":"image\/webp"}],"twitter_card":"summary_large_image","twitter_misc":{"Est. reading time":"2 minutes"},"schema":{"@context":"https:\/\/schema.org","@graph":[{"@type":"WebPage","@id":"https:\/\/balnina.com\/about\/","url":"https:\/\/balnina.com\/about\/","name":"\u00c0 Propos - Balnina","isPartOf":{"@id":"https:\/\/balnina.com\/#website"},"primaryImageOfPage":{"@id":"https:\/\/balnina.com\/about\/#primaryimage"},"image":{"@id":"https:\/\/balnina.com\/about\/#primaryimage"},"thumbnailUrl":"https:\/\/balnina.com\/wp-content\/uploads\/2026\/04\/about-us--1024x683.webp","datePublished":"2025-05-19T10:06:40+00:00","dateModified":"2026-04-09T16:39:13+00:00","breadcrumb":{"@id":"https:\/\/balnina.com\/about\/#breadcrumb"},"inLanguage":"en-US","potentialAction":[{"@type":"ReadAction","target":["https:\/\/balnina.com\/about\/"]}]},{"@type":"ImageObject","inLanguage":"en-US","@id":"https:\/\/balnina.com\/about\/#primaryimage","url":"https:\/\/balnina.com\/wp-content\/uploads\/2026\/04\/about-us--1024x683.webp","contentUrl":"https:\/\/balnina.com\/wp-content\/uploads\/2026\/04\/about-us--1024x683.webp"},{"@type":"BreadcrumbList","@id":"https:\/\/balnina.com\/about\/#breadcrumb","itemListElement":[{"@type":"ListItem","position":1,"name":"Accueil","item":"https:\/\/balnina.com\/"},{"@type":"ListItem","position":2,"name":"\u00c0 Propos"}]},{"@type":"WebSite","@id":"https:\/\/balnina.com\/#website","url":"https:\/\/balnina.com\/","name":"Balnina","description":"Swimwear - Were summer meets the sea","publisher":{"@id":"https:\/\/balnina.com\/#organization"},"potentialAction":[{"@type":"SearchAction","target":{"@type":"EntryPoint","urlTemplate":"https:\/\/balnina.com\/?s={search_term_string}"},"query-input":{"@type":"PropertyValueSpecification","valueRequired":true,"valueName":"search_term_string"}}],"inLanguage":"en-US"},{"@type":"Organization","@id":"https:\/\/balnina.com\/#organization","name":"Balnina","url":"https:\/\/balnina.com\/","logo":{"@type":"ImageObject","inLanguage":"en-US","@id":"https:\/\/balnina.com\/#\/schema\/logo\/image\/","url":"https:\/\/balnina.com\/wp-content\/uploads\/2025\/05\/Balnina-logo-1.png","contentUrl":"https:\/\/balnina.com\/wp-content\/uploads\/2025\/05\/Balnina-logo-1.png","width":650,"height":125,"caption":"Balnina"},"image":{"@id":"https:\/\/balnina.com\/#\/schema\/logo\/image\/"}}]}},"jetpack_sharing_enabled":true,"_links":{"self":[{"href":"https:\/\/balnina.com\/en\/wp-json\/wp\/v2\/pages\/72","targetHints":{"allow":["GET"]}}],"collection":[{"href":"https:\/\/balnina.com\/en\/wp-json\/wp\/v2\/pages"}],"about":[{"href":"https:\/\/balnina.com\/en\/wp-json\/wp\/v2\/types\/page"}],"author":[{"embeddable":true,"href":"https:\/\/balnina.com\/en\/wp-json\/wp\/v2\/users\/1"}],"replies":[{"embeddable":true,"href":"https:\/\/balnina.com\/en\/wp-json\/wp\/v2\/comments?post=72"}],"version-history":[{"count":35,"href":"https:\/\/balnina.com\/en\/wp-json\/wp\/v2\/pages\/72\/revisions"}],"predecessor-version":[{"id":2092,"href":"https:\/\/balnina.com\/en\/wp-json\/wp\/v2\/pages\/72\/revisions\/2092"}],"wp:attachment":[{"href":"https:\/\/balnina.com\/en\/wp-json\/wp\/v2\/media?parent=72"}],"curies":[{"name":"wp","href":"https:\/\/api.w.org\/{rel}","templated":true}]}}