{"id":13,"date":"2025-05-09T13:42:20","date_gmt":"2025-05-09T13:42:20","guid":{"rendered":"https:\/\/balnina.com\/my-account\/"},"modified":"2026-04-08T10:39:12","modified_gmt":"2026-04-08T10:39:12","slug":"my-account","status":"publish","type":"page","link":"https:\/\/balnina.com\/en\/my-account\/","title":{"rendered":"Mon compte"},"content":{"rendered":"<div data-elementor-type=\"wp-page\" data-elementor-id=\"13\" class=\"elementor elementor-13\" data-elementor-post-type=\"page\">\n\t\t\t\t<div class=\"elementor-element elementor-element-37e62a84 e-flex e-con-boxed e-con e-parent\" data-id=\"37e62a84\" data-element_type=\"container\" data-e-type=\"container\">\n\t\t\t\t\t<div class=\"e-con-inner\">\n\t\t\t\t<div class=\"elementor-element elementor-element-bc9012e elementor-widget elementor-widget-heading\" data-id=\"bc9012e\" data-element_type=\"widget\" data-e-type=\"widget\" data-widget_type=\"heading.default\">\n\t\t\t\t<div class=\"elementor-widget-container\">\n\t\t\t\t\t<h2 class=\"elementor-heading-title elementor-size-default\">Mon compte<\/h2>\t\t\t\t<\/div>\n\t\t\t\t<\/div>\n\t\t\t\t<div class=\"elementor-element elementor-element-9bbdf13 e-my-account-tabs-vertical elementor-widget elementor-widget-woocommerce-my-account\" data-id=\"9bbdf13\" data-element_type=\"widget\" data-e-type=\"widget\" data-widget_type=\"woocommerce-my-account.default\">\n\t\t\t\t<div class=\"elementor-widget-container\">\n\t\t\t\t\t<div class=\"e-my-account-tab e-my-account-tab__\">\t\t\t<div class=\"woocommerce\"><\/div>\t\t<\/div>\n\t\t\t\t\t\t<\/div>\n\t\t\t\t<\/div>\n\t\t\t\t\t<\/div>\n\t\t\t\t<\/div>\n\t\t\t\t<\/div>","protected":false},"excerpt":{"rendered":"<p>Tableau de bord Commandes Favoris Adresses Moyens de paiement D\u00e9tails du compte D\u00e9connexion Bonjour mazenazzam@hotmail.com (vous n\u2019\u00eates pas mazenazzam@hotmail.com\u00a0? D\u00e9connexion) \u00c0 partir du tableau de bord de votre compte, vous pouvez visualiser vos commandes r\u00e9centes, g\u00e9rer vos adresses de livraison et de facturation ainsi que changer votre mot de passe et les d\u00e9tails de votre [&hellip;]<\/p>\n","protected":false},"author":1,"featured_media":0,"parent":0,"menu_order":0,"comment_status":"closed","ping_status":"closed","template":"","meta":{"_acf_changed":false,"footnotes":""},"class_list":["post-13","page","type-page","status-publish","hentry"],"acf":[],"yoast_head":"<!-- This site is optimized with the Yoast SEO plugin v27.4 - https:\/\/yoast.com\/product\/yoast-seo-wordpress\/ -->\n<title>Mon compte - Balnina<\/title>\n<meta name=\"robots\" content=\"index, follow, max-snippet:-1, max-image-preview:large, max-video-preview:-1\" \/>\n<link rel=\"canonical\" href=\"https:\/\/balnina.com\/en\/my-account\/\" \/>\n<meta property=\"og:locale\" content=\"en_US\" \/>\n<meta property=\"og:type\" content=\"article\" \/>\n<meta property=\"og:title\" content=\"Mon compte - Balnina\" \/>\n<meta property=\"og:description\" content=\"Tableau de bord Commandes Favoris Adresses Moyens de paiement D\u00e9tails du compte D\u00e9connexion Bonjour mazenazzam@hotmail.com (vous n\u2019\u00eates pas mazenazzam@hotmail.com\u00a0? D\u00e9connexion) \u00c0 partir du tableau de bord de votre compte, vous pouvez visualiser vos commandes r\u00e9centes, g\u00e9rer vos adresses de livraison et de facturation ainsi que changer votre mot de passe et les d\u00e9tails de votre [&hellip;]\" \/>\n<meta property=\"og:url\" content=\"https:\/\/balnina.com\/en\/my-account\/\" \/>\n<meta property=\"og:site_name\" content=\"Balnina\" \/>\n<meta property=\"article:modified_time\" content=\"2026-04-08T10:39:12+00:00\" \/>\n<meta name=\"twitter:card\" content=\"summary_large_image\" \/>\n<meta name=\"twitter:label1\" content=\"Est. reading time\" \/>\n\t<meta name=\"twitter:data1\" content=\"2 minutes\" \/>\n<script type=\"application\/ld+json\" class=\"yoast-schema-graph\">{\"@context\":\"https:\\\/\\\/schema.org\",\"@graph\":[{\"@type\":\"WebPage\",\"@id\":\"https:\\\/\\\/balnina.com\\\/my-account\\\/\",\"url\":\"https:\\\/\\\/balnina.com\\\/my-account\\\/\",\"name\":\"Mon compte - Balnina\",\"isPartOf\":{\"@id\":\"https:\\\/\\\/balnina.com\\\/#website\"},\"datePublished\":\"2025-05-09T13:42:20+00:00\",\"dateModified\":\"2026-04-08T10:39:12+00:00\",\"breadcrumb\":{\"@id\":\"https:\\\/\\\/balnina.com\\\/my-account\\\/#breadcrumb\"},\"inLanguage\":\"en-US\",\"potentialAction\":[{\"@type\":\"ReadAction\",\"target\":[\"https:\\\/\\\/balnina.com\\\/my-account\\\/\"]}]},{\"@type\":\"BreadcrumbList\",\"@id\":\"https:\\\/\\\/balnina.com\\\/my-account\\\/#breadcrumb\",\"itemListElement\":[{\"@type\":\"ListItem\",\"position\":1,\"name\":\"Accueil\",\"item\":\"https:\\\/\\\/balnina.com\\\/\"},{\"@type\":\"ListItem\",\"position\":2,\"name\":\"Mon compte\"}]},{\"@type\":\"WebSite\",\"@id\":\"https:\\\/\\\/balnina.com\\\/#website\",\"url\":\"https:\\\/\\\/balnina.com\\\/\",\"name\":\"Balnina\",\"description\":\"Swimwear - Were summer meets the sea\",\"publisher\":{\"@id\":\"https:\\\/\\\/balnina.com\\\/#organization\"},\"potentialAction\":[{\"@type\":\"SearchAction\",\"target\":{\"@type\":\"EntryPoint\",\"urlTemplate\":\"https:\\\/\\\/balnina.com\\\/?s={search_term_string}\"},\"query-input\":{\"@type\":\"PropertyValueSpecification\",\"valueRequired\":true,\"valueName\":\"search_term_string\"}}],\"inLanguage\":\"en-US\"},{\"@type\":\"Organization\",\"@id\":\"https:\\\/\\\/balnina.com\\\/#organization\",\"name\":\"Balnina\",\"url\":\"https:\\\/\\\/balnina.com\\\/\",\"logo\":{\"@type\":\"ImageObject\",\"inLanguage\":\"en-US\",\"@id\":\"https:\\\/\\\/balnina.com\\\/#\\\/schema\\\/logo\\\/image\\\/\",\"url\":\"https:\\\/\\\/balnina.com\\\/wp-content\\\/uploads\\\/2025\\\/05\\\/Balnina-logo-1.png\",\"contentUrl\":\"https:\\\/\\\/balnina.com\\\/wp-content\\\/uploads\\\/2025\\\/05\\\/Balnina-logo-1.png\",\"width\":650,\"height\":125,\"caption\":\"Balnina\"},\"image\":{\"@id\":\"https:\\\/\\\/balnina.com\\\/#\\\/schema\\\/logo\\\/image\\\/\"}}]}<\/script>\n<!-- \/ Yoast SEO plugin. -->","yoast_head_json":{"title":"Mon compte - Balnina","robots":{"index":"index","follow":"follow","max-snippet":"max-snippet:-1","max-image-preview":"max-image-preview:large","max-video-preview":"max-video-preview:-1"},"canonical":"https:\/\/balnina.com\/en\/my-account\/","og_locale":"en_US","og_type":"article","og_title":"Mon compte - Balnina","og_description":"Tableau de bord Commandes Favoris Adresses Moyens de paiement D\u00e9tails du compte D\u00e9connexion Bonjour mazenazzam@hotmail.com (vous n\u2019\u00eates pas mazenazzam@hotmail.com\u00a0? D\u00e9connexion) \u00c0 partir du tableau de bord de votre compte, vous pouvez visualiser vos commandes r\u00e9centes, g\u00e9rer vos adresses de livraison et de facturation ainsi que changer votre mot de passe et les d\u00e9tails de votre [&hellip;]","og_url":"https:\/\/balnina.com\/en\/my-account\/","og_site_name":"Balnina","article_modified_time":"2026-04-08T10:39:12+00:00","twitter_card":"summary_large_image","twitter_misc":{"Est. reading time":"2 minutes"},"schema":{"@context":"https:\/\/schema.org","@graph":[{"@type":"WebPage","@id":"https:\/\/balnina.com\/my-account\/","url":"https:\/\/balnina.com\/my-account\/","name":"Mon compte - Balnina","isPartOf":{"@id":"https:\/\/balnina.com\/#website"},"datePublished":"2025-05-09T13:42:20+00:00","dateModified":"2026-04-08T10:39:12+00:00","breadcrumb":{"@id":"https:\/\/balnina.com\/my-account\/#breadcrumb"},"inLanguage":"en-US","potentialAction":[{"@type":"ReadAction","target":["https:\/\/balnina.com\/my-account\/"]}]},{"@type":"BreadcrumbList","@id":"https:\/\/balnina.com\/my-account\/#breadcrumb","itemListElement":[{"@type":"ListItem","position":1,"name":"Accueil","item":"https:\/\/balnina.com\/"},{"@type":"ListItem","position":2,"name":"Mon compte"}]},{"@type":"WebSite","@id":"https:\/\/balnina.com\/#website","url":"https:\/\/balnina.com\/","name":"Balnina","description":"Swimwear - Were summer meets the sea","publisher":{"@id":"https:\/\/balnina.com\/#organization"},"potentialAction":[{"@type":"SearchAction","target":{"@type":"EntryPoint","urlTemplate":"https:\/\/balnina.com\/?s={search_term_string}"},"query-input":{"@type":"PropertyValueSpecification","valueRequired":true,"valueName":"search_term_string"}}],"inLanguage":"en-US"},{"@type":"Organization","@id":"https:\/\/balnina.com\/#organization","name":"Balnina","url":"https:\/\/balnina.com\/","logo":{"@type":"ImageObject","inLanguage":"en-US","@id":"https:\/\/balnina.com\/#\/schema\/logo\/image\/","url":"https:\/\/balnina.com\/wp-content\/uploads\/2025\/05\/Balnina-logo-1.png","contentUrl":"https:\/\/balnina.com\/wp-content\/uploads\/2025\/05\/Balnina-logo-1.png","width":650,"height":125,"caption":"Balnina"},"image":{"@id":"https:\/\/balnina.com\/#\/schema\/logo\/image\/"}}]}},"jetpack_sharing_enabled":true,"_links":{"self":[{"href":"https:\/\/balnina.com\/en\/wp-json\/wp\/v2\/pages\/13","targetHints":{"allow":["GET"]}}],"collection":[{"href":"https:\/\/balnina.com\/en\/wp-json\/wp\/v2\/pages"}],"about":[{"href":"https:\/\/balnina.com\/en\/wp-json\/wp\/v2\/types\/page"}],"author":[{"embeddable":true,"href":"https:\/\/balnina.com\/en\/wp-json\/wp\/v2\/users\/1"}],"replies":[{"embeddable":true,"href":"https:\/\/balnina.com\/en\/wp-json\/wp\/v2\/comments?post=13"}],"version-history":[{"count":28,"href":"https:\/\/balnina.com\/en\/wp-json\/wp\/v2\/pages\/13\/revisions"}],"predecessor-version":[{"id":2053,"href":"https:\/\/balnina.com\/en\/wp-json\/wp\/v2\/pages\/13\/revisions\/2053"}],"wp:attachment":[{"href":"https:\/\/balnina.com\/en\/wp-json\/wp\/v2\/media?parent=13"}],"curies":[{"name":"wp","href":"https:\/\/api.w.org\/{rel}","templated":true}]}}